{"id":2496,"date":"2024-06-10T12:56:14","date_gmt":"2024-06-10T10:56:14","guid":{"rendered":"https:\/\/new.sunroof.se\/se\/?page_id=2496"},"modified":"2024-06-12T08:31:48","modified_gmt":"2024-06-12T06:31:48","slug":"my-sunroof","status":"publish","type":"page","link":"https:\/\/new.sunroof.se\/sv\/my-sunroof\/","title":{"rendered":"My.SunRoof"},"content":{"rendered":"<!--themify_builder_content-->\n<div id=\"themify_builder_content-2496\" data-postid=\"2496\" class=\"themify_builder_content themify_builder_content-2496 themify_builder tf_clear\">\n                    <div  data-lazy=\"1\" class=\"module_row themify_builder_row tb_abp1817 tb_first tf_w\">\n                        <div class=\"row_inner col_align_top tb_col_count_2 tf_box tf_rel\">\n                        <div  data-lazy=\"1\" class=\"module_column tb-column col4-2 tb_ibid817 first\">\n                    <!-- module text -->\n<div  class=\"module module-text tb_aufe817   \" data-lazy=\"1\">\n        <div  class=\"tb_text_wrap\">\n        <div class=\"gb-container gb-container-2b08408c alignfull\">\n<div class=\"gb-container gb-container-690db439\">\n<div class=\"gb-container gb-container-2b37522a\">\n<div class=\"gb-container gb-container-7f8fd74b\">\n<div class=\"gb-container gb-container-6357d5f0\">\n<h1 class=\"gb-container gb-container-04a23e41 alignfull\"><span style=\"letter-spacing: normal; white-space: pre-wrap; caret-color: #000000; color: #000000;\">My.SunRoof app<\/span><\/h1>\n<\/div>\n<\/div>\n<\/div>\n<\/div>\n<\/div>    <\/div>\n<\/div>\n<!-- \/module text -->        <\/div>\n                    <div  data-lazy=\"1\" class=\"module_column tb-column col4-2 tb_gxfq817 last\">\n                            <\/div>\n                        <\/div>\n        <\/div>\n                        <div  data-lazy=\"1\" class=\"module_row themify_builder_row tb_nk6j751 tf_w\">\n                        <div class=\"row_inner col_align_top tb_col_count_2 tf_box tf_rel\">\n                        <div  data-lazy=\"1\" class=\"module_column tb-column col4-2 tb_2ncc751 first\">\n                    <!-- module text -->\n<div  class=\"module module-text tb_p9nt789   \" data-lazy=\"1\">\n        <div  class=\"tb_text_wrap\">\n        <div class=\"gb-container gb-container-2b08408c alignfull\">\n<div class=\"gb-container gb-container-690db439\">\n<div class=\"gb-container gb-container-2b37522a\">\n<div class=\"gb-container gb-container-7f8fd74b\">\n<div class=\"gb-container gb-container-6357d5f0\">\n<h2 class=\"gb-container gb-container-04a23e41 alignfull\">Revolutionerar solenergiupplevelsen med en Allt-i-ett Portal\u00a0<\/h2>\n<\/div>\n<\/div>\n<\/div>\n<\/div>\n<\/div>    <\/div>\n<\/div>\n<!-- \/module text -->        <\/div>\n                    <div  data-lazy=\"1\" class=\"module_column tb-column col4-2 tb_7ynu751 last\">\n                    <!-- module text -->\n<div  class=\"module module-text tb_c3k4751   \" data-lazy=\"1\">\n        <div  class=\"tb_text_wrap\">\n        <p><span style=\"white-space: pre-wrap; caret-color: #000000; color: #000000;\">F\u00f6rb\u00e4ttra ditt liv med milj\u00f6v\u00e4nliga, h\u00e5llbara energil\u00f6sningar.<\/span><\/p>\n<p><span style=\"white-space: pre-wrap; caret-color: #000000; color: #000000;\">\u00d6ppna i <strong><a style=\"color: #000000; font-weight: bold; text-decoration: underline;\" href=\"https:\/\/my.sunroof.se\/auth\/login\/\">webbl\u00e4saren<\/a><\/strong>, adda ner i App Store eller i Google Play, och beg\u00e4r din personliga \u00e5tkomst nu!<\/span><\/p<\/p>\n    <\/div>\n<\/div>\n<!-- \/module text -->        <div  data-lazy=\"1\" class=\"module_subrow themify_builder_sub_row tf_w col_align_top tb_col_count_2 tb_m04y233\">\n                <div  data-lazy=\"1\" class=\"module_column sub_column col4-2 tb_c9xs233 first\">\n                    <!-- module image -->\n<div  class=\"module module-image tb_kirc987 image-top   tf_mw\" data-lazy=\"1\">\n        <div class=\"image-wrap tf_rel tf_mw\">\n            <a href=\"https:\/\/www.google.com\/url?sa=t&#038;source=web&#038;rct=j&#038;opi=89978449&#038;url=https:\/\/apps.apple.com\/se\/app\/my-sunroof\/id6472328172&#038;ved=2ahUKEwjc6P6g_9CGAxUJLhAIHQnIAPoQFnoECBUQAQ&#038;usg=AOvVaw1iPm3wKcrASdLpQvQoxFSX\">\n                   <img loading=\"lazy\" decoding=\"async\" src=\"https:\/\/new.sunroof.se\/se\/wp-content\/uploads\/2024\/06\/download_AppStore.png\" width=\"205\" height=\"60\" title=\"My.SunRoof\" alt=\"My.SunRoof\">        <\/a>\n    \n        <\/div>\n    <!-- \/image-wrap -->\n    \n        <\/div>\n<!-- \/module image -->        <\/div>\n                    <div  data-lazy=\"1\" class=\"module_column sub_column col4-2 tb_5bq2233 last\">\n                    <!-- module image -->\n<div  class=\"module module-image tb_8mjm400 image-top   tf_mw\" data-lazy=\"1\">\n        <div class=\"image-wrap tf_rel tf_mw\">\n            <a href=\"https:\/\/play.google.com\/store\/apps\/details?id=se.sunroof.my&#038;hl=en_GB&#038;pli=1\">\n                   <img loading=\"lazy\" decoding=\"async\" src=\"https:\/\/new.sunroof.se\/se\/wp-content\/uploads\/2024\/06\/download_GooglePlay.png\" width=\"205\" height=\"59\" title=\"My.SunRoof\" alt=\"My.SunRoof\">        <\/a>\n    \n        <\/div>\n    <!-- \/image-wrap -->\n    \n        <\/div>\n<!-- \/module image -->        <\/div>\n                    <\/div>\n                <\/div>\n                        <\/div>\n        <\/div>\n                        <div  data-lazy=\"1\" class=\"module_row themify_builder_row tb_uywx569 tf_w hide-mobile\">\n                        <div class=\"row_inner col_align_top tb_col_count_1 tf_box tf_rel\">\n                        <div  data-lazy=\"1\" class=\"module_column tb-column col-full tb_lvpy569 first\">\n                    <!-- module image -->\n<div  class=\"module module-image tb_sw1y569 image-top   tf_mw\" data-lazy=\"1\">\n        <div class=\"image-wrap tf_rel tf_mw\">\n            <img loading=\"lazy\" decoding=\"async\" src=\"https:\/\/new.sunroof.se\/se\/wp-content\/uploads\/2024\/06\/header-mysunroof_1300x600.jpg\" width=\"1300\" height=\"600\" title=\"My.SunRoof\" alt=\"My.SunRoof\">    \n        <\/div>\n    <!-- \/image-wrap -->\n    \n        <\/div>\n<!-- \/module image -->        <\/div>\n                        <\/div>\n        <\/div>\n                        <div  data-lazy=\"1\" class=\"module_row themify_builder_row tb_r5w2919 tf_w hide-desktop hide-tablet hide-tablet_landscape\">\n                        <div class=\"row_inner col_align_top tb_col_count_1 tf_box tf_rel\">\n                        <div  data-lazy=\"1\" class=\"module_column tb-column col-full tb_wqy8919 first\">\n                    <!-- module image -->\n<div  class=\"module module-image tb_8slq919 image-top   auto_fullwidth tf_mw\" data-lazy=\"1\">\n        <div class=\"image-wrap tf_rel tf_mw\">\n            <a href=\"https:\/\/www.youtube.com\/watch?v=CGgD2aTr11o\" class=\"lightbox-builder themify_lightbox\" data-zoom-config=\"90%|90%\">\n                   <img loading=\"lazy\" decoding=\"async\" src=\"https:\/\/new.sunroof.se\/se\/wp-content\/uploads\/2024\/06\/header-mysunroof_1300x600.jpg\" width=\"1300\" height=\"600\" title=\"My.SunRoof\" alt=\"My.SunRoof\">        <\/a>\n    \n        <\/div>\n    <!-- \/image-wrap -->\n    \n        <\/div>\n<!-- \/module image -->        <\/div>\n                        <\/div>\n        <\/div>\n                        <div  data-lazy=\"1\" class=\"module_row themify_builder_row tb_a0j5354 tf_w\">\n                        <div class=\"row_inner col_align_top tb_col_count_2 tf_box tf_rel\">\n                        <div  data-lazy=\"1\" class=\"module_column tb-column col4-2 tb_igto965 first\">\n                    <!-- module text -->\n<div  class=\"module module-text tb_wuig343   \" data-lazy=\"1\">\n        <div  class=\"tb_text_wrap\">\n        <div class=\"gb-container gb-container-2b08408c alignfull\">\n<div class=\"gb-container gb-container-690db439\">\n<div class=\"gb-container gb-container-2b37522a\">\n<div class=\"gb-container gb-container-7f8fd74b\">\n<div class=\"gb-container gb-container-6357d5f0\">\n<h2 class=\"gb-container gb-container-04a23e41 alignfull\">P\u00e5 SunRoof str\u00e4var vi st\u00e4ndigt efter att ge v\u00e5ra kunder den b\u00e4sta m\u00f6jliga solupplevelsen.\u00a0<\/h2>\n<\/div>\n<\/div>\n<\/div>\n<\/div>\n<\/div>    <\/div>\n<\/div>\n<!-- \/module text -->        <\/div>\n                    <div  data-lazy=\"1\" class=\"module_column tb-column col4-2 tb_lphr200 last\">\n                    <!-- module text -->\n<div  class=\"module module-text tb_fuel200   \" data-lazy=\"1\">\n        <div  class=\"tb_text_wrap\">\n        <p><span style=\"white-space: pre-wrap; caret-color: #000000; color: #000000;\">Vi vet att kommunikation och \u00f6ppenhet \u00e4r kritiska faktorer f\u00f6r att s\u00e4kerst\u00e4lla kundn\u00f6jdhet. Det \u00e4r d\u00e4rf\u00f6r vi introducerade My.SunRoof, en innovativ allt-i-ett-portal som skapades f\u00f6r att revolutionera hur v\u00e5ra kunder interagerar med oss. <\/span><\/p>    <\/div>\n<\/div>\n<!-- \/module text -->        <\/div>\n                        <\/div>\n        <\/div>\n                        <div  data-lazy=\"1\" class=\"module_row themify_builder_row tb_6d4o208 tf_w hide-mobile\">\n                        <div class=\"row_inner col_align_top tb_col_count_1 tf_box tf_rel\">\n                        <div  data-lazy=\"1\" class=\"module_column tb-column col-full tb_caz9208 first\">\n                    <!-- module image -->\n<div  class=\"module module-image tb_ovp6208 image-top   tf_mw\" data-lazy=\"1\">\n        <div class=\"image-wrap tf_rel tf_mw\">\n            <img loading=\"lazy\" decoding=\"async\" src=\"https:\/\/new.sunroof.se\/se\/wp-content\/uploads\/2024\/06\/header-mysunroof2_1300x600.jpg\" width=\"1300\" height=\"600\" title=\"My.SunRoof\" alt=\"My.SunRoof\">    \n        <\/div>\n    <!-- \/image-wrap -->\n    \n        <\/div>\n<!-- \/module image -->        <\/div>\n                        <\/div>\n        <\/div>\n                        <div  data-lazy=\"1\" class=\"module_row themify_builder_row tb_fdvd699 tf_w hide-desktop hide-tablet hide-tablet_landscape\">\n                        <div class=\"row_inner col_align_top tb_col_count_1 tf_box tf_rel\">\n                        <div  data-lazy=\"1\" class=\"module_column tb-column col-full tb_m511699 first\">\n                    <!-- module image -->\n<div  class=\"module module-image tb_6qlp699 image-top   auto_fullwidth tf_mw\" data-lazy=\"1\">\n        <div class=\"image-wrap tf_rel tf_mw\">\n            <img loading=\"lazy\" decoding=\"async\" src=\"https:\/\/new.sunroof.se\/se\/wp-content\/uploads\/2024\/06\/header-mysunroof2_mobile_450x460.jpg\" width=\"450\" height=\"460\" title=\"My.SunRoof\" alt=\"My.SunRoof\">    \n        <\/div>\n    <!-- \/image-wrap -->\n    \n        <\/div>\n<!-- \/module image -->        <\/div>\n                        <\/div>\n        <\/div>\n                        <div  data-lazy=\"1\" class=\"module_row themify_builder_row tb_vlov923 tf_w\">\n                        <div class=\"row_inner col_align_top tb_col_count_2 tf_box tf_rel\">\n                        <div  data-lazy=\"1\" class=\"module_column tb-column col4-2 tb_58ew923 first\">\n                    <!-- module text -->\n<div  class=\"module module-text tb_23e7923   \" data-lazy=\"1\">\n        <div  class=\"tb_text_wrap\">\n        <div class=\"gb-container gb-container-2b08408c alignfull\">\n<div class=\"gb-container gb-container-690db439\">\n<div class=\"gb-container gb-container-2b37522a\">\n<div class=\"gb-container gb-container-7f8fd74b\">\n<div class=\"gb-container gb-container-6357d5f0\">\n<h2 class=\"gb-container gb-container-04a23e41 alignfull\"><span style=\"letter-spacing: normal; white-space: pre-wrap;\">Huvudfunktioner i My.SunRoof <\/span><\/h2>\n<\/div>\n<\/div>\n<\/div>\n<\/div>\n<\/div>    <\/div>\n<\/div>\n<!-- \/module text -->        <\/div>\n                    <div  data-lazy=\"1\" class=\"module_column tb-column col4-2 tb_hadf923 last\">\n                    <!-- module text -->\n<div  class=\"module module-text tb_3c79923   \" data-lazy=\"1\">\n        <div  class=\"tb_text_wrap\">\n        <p>My.SunRoof utvecklar utifr\u00e5n kundernas behov och framsteg i branschen. SunRoof-teamet forts\u00e4tter att st\u00e4ndigt f\u00f6rb\u00e4ttra portalen, d\u00e4rf\u00f6r kan kunderna f\u00f6rv\u00e4nta sig att f\u00e5 ytterligare funktioner s\u00e5som \u00f6verl\u00e4mningsdokument, faktureringsfunktioner och \u00e4ven en m\u00f6jlighet att delta i virtuella kraftverksprogram.\u00a0<\/p>    <\/div>\n<\/div>\n<!-- \/module text -->        <\/div>\n                        <\/div>\n        <\/div>\n                        <div  data-lazy=\"1\" class=\"module_row themify_builder_row tb_6y2v795 tf_w\">\n                        <div class=\"row_inner col_align_top tb_col_count_2 tf_box tf_rel\">\n                        <div  data-lazy=\"1\" class=\"module_column tb-column col4-2 tb_eumb795 first\">\n                    <!-- module text -->\n<div  class=\"module module-text tb_fu3y572   \" data-lazy=\"1\">\n        <div  class=\"tb_text_wrap\">\n        <ul>\n<li>P<span class=\"NormalTextRun SCXW179384570 BCX0\">rojektsp\u00e5rning<\/span> <span class=\"NormalTextRun SpellingErrorV2Themed SCXW179384570 BCX0\">i<\/span><span class=\"NormalTextRun SCXW179384570 BCX0\"> realtid<\/span><\/li>\n<li>Information om SunRoof<\/li>\n<li>Direkt kommunikation<\/li>\n<li>\u00c5tkomst till dokument\u00a0<\/li>\n<\/ul>    <\/div>\n<\/div>\n<!-- \/module text -->        <\/div>\n                    <div  data-lazy=\"1\" class=\"module_column tb-column col4-2 tb_zfl4796 last\">\n                    <!-- module text -->\n<div  class=\"module module-text tb_opjb498   \" data-lazy=\"1\">\n        <div  class=\"tb_text_wrap\">\n        <ul>\n<li>Live-data f\u00f6r energiproduktion<\/li>\n<li>Historisk data f\u00f6r energiproduktion<\/li>\n<li>FAQ<\/li>\n<li>Ytterligare tj\u00e4nster<\/li>\n<\/ul>    <\/div>\n<\/div>\n<!-- \/module text -->        <\/div>\n                        <\/div>\n        <\/div>\n                        <div  data-lazy=\"1\" class=\"module_row themify_builder_row tb_b952873 tf_w\">\n                        <div class=\"row_inner col_align_top tb_col_count_2 tf_box tf_rel\">\n                        <div  data-lazy=\"1\" class=\"module_column tb-column col4-2 tb_r8ck873 first\">\n                            <\/div>\n                    <div  data-lazy=\"1\" class=\"module_column tb-column col4-2 tb_9sm7873 last\">\n                    <!-- module text -->\n<div  class=\"module module-text tb_xas4873   \" data-lazy=\"1\">\n        <div  class=\"tb_text_wrap\">\n            <\/div>\n<\/div>\n<!-- \/module text -->        <\/div>\n                        <\/div>\n        <\/div>\n        <\/div>\n<!--\/themify_builder_content-->","protected":false},"excerpt":{"rendered":"<p>My.SunRoof app<\/p>\n","protected":false},"author":1,"featured_media":0,"parent":0,"menu_order":0,"comment_status":"closed","ping_status":"closed","template":"","meta":{"_acf_changed":false,"inline_featured_image":false,"footnotes":""},"acf":[],"builder_content":"<h1>My.SunRoof app<\/h1>\n<h2>Revolutionerar solenergiupplevelsen med en Allt-i-ett Portal\u00a0<\/h2>\n<p>F\u00f6rb\u00e4ttra ditt liv med milj\u00f6v\u00e4nliga, h\u00e5llbara energil\u00f6sningar.<\/p> <p>\u00d6ppna i <strong><a style=\"color: #000000; font-weight: bold; text-decoration: underline;\" href=\"https:\/\/my.sunroof.se\/auth\/login\/\">webbl\u00e4saren<\/a><\/strong>, adda ner i App Store eller i Google Play, och beg\u00e4r din personliga \u00e5tkomst nu!<\/p<\/p>\n<a href=\"https:\/\/www.google.com\/url?sa=t&#038;source=web&#038;rct=j&#038;opi=89978449&#038;url=https:\/\/apps.apple.com\/se\/app\/my-sunroof\/id6472328172&#038;ved=2ahUKEwjc6P6g_9CGAxUJLhAIHQnIAPoQFnoECBUQAQ&#038;usg=AOvVaw1iPm3wKcrASdLpQvQoxFSX\"> <img src=\"https:\/\/new.sunroof.se\/se\/wp-content\/uploads\/2024\/06\/download_AppStore.png\" width=\"205\" height=\"60\" title=\"My.SunRoof\" alt=\"My.SunRoof\"> <\/a>\n<a href=\"https:\/\/play.google.com\/store\/apps\/details?id=se.sunroof.my&#038;hl=en_GB&#038;pli=1\"> <img src=\"https:\/\/new.sunroof.se\/se\/wp-content\/uploads\/2024\/06\/download_GooglePlay.png\" width=\"205\" height=\"59\" title=\"My.SunRoof\" alt=\"My.SunRoof\"> <\/a>\n<img src=\"https:\/\/new.sunroof.se\/se\/wp-content\/uploads\/2024\/06\/header-mysunroof_1300x600.jpg\" width=\"1300\" height=\"600\" title=\"My.SunRoof\" alt=\"My.SunRoof\">\n<a href=\"https:\/\/www.youtube.com\/watch?v=CGgD2aTr11o\" data-zoom-config=\"90%|90%\"> <img src=\"https:\/\/new.sunroof.se\/se\/wp-content\/uploads\/2024\/06\/header-mysunroof_1300x600.jpg\" width=\"1300\" height=\"600\" title=\"My.SunRoof\" alt=\"My.SunRoof\"> <\/a>\n<h2>P\u00e5 SunRoof str\u00e4var vi st\u00e4ndigt efter att ge v\u00e5ra kunder den b\u00e4sta m\u00f6jliga solupplevelsen.\u00a0<\/h2>\n<p>Vi vet att kommunikation och \u00f6ppenhet \u00e4r kritiska faktorer f\u00f6r att s\u00e4kerst\u00e4lla kundn\u00f6jdhet. Det \u00e4r d\u00e4rf\u00f6r vi introducerade My.SunRoof, en innovativ allt-i-ett-portal som skapades f\u00f6r att revolutionera hur v\u00e5ra kunder interagerar med oss. <\/p>\n<img src=\"https:\/\/new.sunroof.se\/se\/wp-content\/uploads\/2024\/06\/header-mysunroof2_1300x600.jpg\" width=\"1300\" height=\"600\" title=\"My.SunRoof\" alt=\"My.SunRoof\">\n<img src=\"https:\/\/new.sunroof.se\/se\/wp-content\/uploads\/2024\/06\/header-mysunroof2_mobile_450x460.jpg\" width=\"450\" height=\"460\" title=\"My.SunRoof\" alt=\"My.SunRoof\">\n<h2>Huvudfunktioner i My.SunRoof <\/h2>\n<p>My.SunRoof utvecklar utifr\u00e5n kundernas behov och framsteg i branschen. SunRoof-teamet forts\u00e4tter att st\u00e4ndigt f\u00f6rb\u00e4ttra portalen, d\u00e4rf\u00f6r kan kunderna f\u00f6rv\u00e4nta sig att f\u00e5 ytterligare funktioner s\u00e5som \u00f6verl\u00e4mningsdokument, faktureringsfunktioner och \u00e4ven en m\u00f6jlighet att delta i virtuella kraftverksprogram.\u00a0<\/p>\n<ul> <li>Projektsp\u00e5rning i realtid<\/li> <li>Information om SunRoof<\/li> <li>Direkt kommunikation<\/li> <li>\u00c5tkomst till dokument\u00a0<\/li> <\/ul>\n<ul> <li>Live-data f\u00f6r energiproduktion<\/li> <li>Historisk data f\u00f6r energiproduktion<\/li> <li>FAQ<\/li> <li>Ytterligare tj\u00e4nster<\/li> <\/ul>\n","_links":{"self":[{"href":"https:\/\/new.sunroof.se\/sv\/wp-json\/wp\/v2\/pages\/2496"}],"collection":[{"href":"https:\/\/new.sunroof.se\/sv\/wp-json\/wp\/v2\/pages"}],"about":[{"href":"https:\/\/new.sunroof.se\/sv\/wp-json\/wp\/v2\/types\/page"}],"author":[{"embeddable":true,"href":"https:\/\/new.sunroof.se\/sv\/wp-json\/wp\/v2\/users\/1"}],"replies":[{"embeddable":true,"href":"https:\/\/new.sunroof.se\/sv\/wp-json\/wp\/v2\/comments?post=2496"}],"version-history":[{"count":94,"href":"https:\/\/new.sunroof.se\/sv\/wp-json\/wp\/v2\/pages\/2496\/revisions"}],"predecessor-version":[{"id":3343,"href":"https:\/\/new.sunroof.se\/sv\/wp-json\/wp\/v2\/pages\/2496\/revisions\/3343"}],"wp:attachment":[{"href":"https:\/\/new.sunroof.se\/sv\/wp-json\/wp\/v2\/media?parent=2496"}],"curies":[{"name":"wp","href":"https:\/\/api.w.org\/{rel}","templated":true}]}}