{"id":1549,"date":"2024-06-07T15:56:37","date_gmt":"2024-06-07T13:56:37","guid":{"rendered":"https:\/\/new.sunroof.se\/se\/?page_id=1549"},"modified":"2024-06-12T00:19:56","modified_gmt":"2024-06-11T22:19:56","slug":"cookies-policy","status":"publish","type":"page","link":"https:\/\/new.sunroof.se\/sv\/cookies-policy\/","title":{"rendered":"Cookies Policy"},"content":{"rendered":"<!--themify_builder_content-->\n<div id=\"themify_builder_content-1549\" data-postid=\"1549\" class=\"themify_builder_content themify_builder_content-1549 themify_builder tf_clear\">\n                    <div  data-lazy=\"1\" class=\"module_row themify_builder_row tb_txj5152 tb_first tf_w\">\n                        <div class=\"row_inner col_align_top tb_col_count_2 tf_box tf_rel\">\n                        <div  data-lazy=\"1\" class=\"module_column tb-column col4-2 tb_rpyg152 first\">\n                    <!-- module text -->\n<div  class=\"module module-text tb_qsz5152   \" data-lazy=\"1\">\n        <div  class=\"tb_text_wrap\">\n        <div class=\"gb-container gb-container-2b08408c alignfull\">\n<div class=\"gb-container gb-container-690db439\">\n<div class=\"gb-container gb-container-2b37522a\">\n<div class=\"gb-container gb-container-7f8fd74b\">\n<div class=\"gb-container gb-container-6357d5f0\">\n<h1 class=\"gb-container gb-container-04a23e41 alignfull\">Cookies Policy<\/h1>\n<\/div>\n<\/div>\n<\/div>\n<\/div>\n<\/div>\n    <\/div>\n<\/div>\n<!-- \/module text -->        <\/div>\n                    <div  data-lazy=\"1\" class=\"module_column tb-column col4-2 tb_i2l4152 last\">\n                            <\/div>\n                        <\/div>\n        <\/div>\n                        <div  data-lazy=\"1\" class=\"module_row themify_builder_row tb_fwda573 tf_w\">\n                        <div class=\"row_inner col_align_top tb_col_count_1 tf_box tf_rel\">\n                        <div  data-lazy=\"1\" class=\"module_column tb-column col-full tb_mr9s573 first\">\n                    <!-- module text -->\n<div  class=\"module module-text tb_nzzy573   \" data-lazy=\"1\">\n        <div  class=\"tb_text_wrap\">\n        <div class=\"gb-container gb-container-2b08408c alignfull\">\n<div class=\"gb-container gb-container-690db439\">\n<div class=\"gb-container gb-container-2b37522a\">\n<div class=\"gb-container gb-container-7f8fd74b\">\n<div class=\"gb-container gb-container-6357d5f0\">\n<p><strong>Cookies p\u00e5 sunroof.se<\/strong><br>1.Sunroof:s webbplatser anv\u00e4nder kakor (cookies).<\/p>\n<p>2. Kakor \u00e4r IT-data, i synnerhet textfiler som lagras p\u00e5 den enhet anv\u00e4ndaren surfar p\u00e5, till exempel dator eller mobiltelefon, och de ger m\u00f6jlighet att anv\u00e4nda webbsidor. Kakor hj\u00e4lper oss att k\u00e4nna igen anv\u00e4ndarens enhet och korrekt visa webbplatsen som \u00f6verensst\u00e4mmer med hans preferenser. Med standardparametrarna f\u00f6r kakor kan informationen i den l\u00e4sas av servern som skapade dem. \u201dCookies\u201d inneh\u00e5ller vanligtvis namnet p\u00e5 webbplatsen som de kommer fr\u00e5n, deras lagringstid p\u00e5 slutanordningen och ett unikt nummer.<\/p>\n<p>3. Cookies anv\u00e4nds f\u00f6r att anpassa inneh\u00e5llet p\u00e5 webbplatssidorna till anv\u00e4ndarens preferenser och optimera anv\u00e4ndningen av webbplatser. Kakan inneh\u00e5ller ingen information som kan kopplas ihop med anv\u00e4ndaren som enskild person. Tj\u00e4nsteleverant\u00f6ren behandlar informationen i \u201dcookies\u201d n\u00e4r bes\u00f6kare anv\u00e4nder webbplatsen. \u201dCookies\u201d lagras fr\u00e4mst f\u00f6r att anpassa webbplatsen till de individuella behoven hos bes\u00f6kare, skapa bes\u00f6kares statistik och lagra anv\u00e4ndardata (efter inloggning), s\u00e5 att anv\u00e4ndaren inte beh\u00f6ver ange inloggning och l\u00f6senord p\u00e5 varje undersida p\u00e5 hemsidan varje g\u00e5ng; \u00e4ndringar av dessa inst\u00e4llningar kan g\u00f6ras n\u00e4r som helst.<\/p>\n<p>4. Webbplatsen anv\u00e4nder f\u00f6ljande typer av kakor \u201ecookies\u201d:<\/p>\n<ul>\n<li>\u201dTillf\u00e4lliga\u201d cookies som f\u00f6rblir i din webbl\u00e4sare eller enhet endast tills du l\u00e4mnar webbplatsen. De tas sedan bort fr\u00e5n din enhet n\u00e4r du l\u00e4mnar Tj\u00e4nsten.<\/li>\n<li>\u2018\u201dBest\u00e4ndiga\u201d cookies f\u00f6rblir i din webbl\u00e4sare eller enhet under mycket l\u00e4ngre tid \u2013 de st\u00e5r kvar d\u00e4r tills du tar bort dem.<\/li>\n<li>\u201dAnalytiska\u201d cookies samlar in information om hur du anv\u00e4nder webbplatsen, t ex vilka sidor p\u00e5 webbplatsen som anv\u00e4ndaren har bes\u00f6kt mest, hj\u00e4lper oss att registrera eventuella sv\u00e5righeter du har med webbplatsen. \u201dAnalytiska\u201d cookies samlar inte in informationer som ger m\u00f6jlighet att identifiera anv\u00e4ndaren, och insamlade data blir anonyma. Vi anv\u00e4nder analytiska cookies f\u00f6r att f\u00f6rb\u00e4ttra hur webbplatsen fungerar.<\/li>\n<li>\u201dFunktionella\u201d kakor, vilket m\u00f6jligg\u00f6r \u201datt komma ih\u00e5g\u201d de inst\u00e4llningar som valts av anv\u00e4ndaren och anpassa anv\u00e4ndarens gr\u00e4nssnitt, t.ex. att \u00e4ndra teckenstorlek, justera sidan och aktivera tj\u00e4nster som att l\u00e4gga till kommentarer p\u00e5 n\u00e5gons blogg.<\/li>\n<\/ul>\n<p>5. Vanligtvis till\u00e5ter den programvara som anv\u00e4nds f\u00f6r att surfa p\u00e5 webbplatser att placera \u201dcookies\u201d p\u00e5 anv\u00e4ndarens slutanordning. Dessa inst\u00e4llningar kan \u00e4ndras, s\u00e4rskilt p\u00e5 ett s\u00e5dant s\u00e4tt att den automatiska hanteringen av cookies blockeras i webbl\u00e4sarinst\u00e4llningarna eller informeras om dem varje g\u00e5ng de placeras p\u00e5 webbplatsens anv\u00e4ndares enhet. Detaljerad information om m\u00f6jligheter och s\u00e4tt att hantera kakor finns i inst\u00e4llningarna f\u00f6r programvaran (webbl\u00e4sare). Begr\u00e4nsning av anv\u00e4ndningen av \u201dcookies\u201d kan p\u00e5verka vissa funktioner som finns tillg\u00e4ngliga p\u00e5 webbplatsen (till exempel kan det inte vara m\u00f6jligt att f\u00f6lja best\u00e4llningsv\u00e4gen).<\/p>\n<p>6. Webbplatsen anv\u00e4nder Google Analytics f\u00f6r att sp\u00e5ra och analysera webbplatstrafik, samla in och analysera data om beteende hos webbplatsbes\u00f6kare. Webbtrafikanalys anv\u00e4nds fr\u00e4mst f\u00f6r att optimera en webbplats. I enlighet med vissa funktioner i Goolge Analytycs kan \u201dcookies\u201d anv\u00e4ndas f\u00f6r marknadsf\u00f6rings\u00e4ndam\u00e5l och informationen i dem kan profileras.<\/p>\n<p>Operat\u00f6ren av Google Analytics \u00e4r Google Inc., 1600 Amphitheatre Pkwy, Mountain View, CA 94043-1351 med s\u00e4te i USA.<\/p>\n<p>Om du inv\u00e4nder mot profilering eller marknadsf\u00f6ringsaktiviteter, anv\u00e4nd l\u00e4mpliga inst\u00e4llningar i din webbl\u00e4sare.<\/p>\n<p>Anv\u00e4ndaren kan n\u00e4r som helst v\u00e4gra samtycke till insamling och bearbetning av data relaterat till anv\u00e4ndningen av webbplatsen av Google Analytics, och till bearbetningen av denna information i samband med detta av Google, och kan n\u00e4r som helst f\u00f6rhindra s\u00e5dana aktiviteter. F\u00f6r att g\u00f6ra detta, ladda ner webbl\u00e4sartill\u00e4gget som \u00e4r tillg\u00e4ngligt h\u00e4r: tools.google.com\/dlpage\/gaoptout och installera det sedan. tools.google.com\/dlpage\/gaoptout and then install it.<\/p>\n<p>Webbplatsen anv\u00e4nder eller kan ocks\u00e5 anv\u00e4nda f\u00f6r marknadsf\u00f6rings\u00e4ndam\u00e5l f\u00f6ljande verktyg som anv\u00e4nder cookies: Google Tag Manager, Google Ads, Facebook Pixel, Yandex Metrica. Anv\u00e4ndningen av cookies i samband med anv\u00e4ndningen av dessa verktyg sker i enlighet med denna Cookie-Policy och de regler som operat\u00f6rerna av dessa verktyg g\u00f6r tillg\u00e4ngliga.<\/p>\n<p>7. I tabellen nedan visas \u201ecookies\u201d som anv\u00e4nds av bolag SunRoof International Holding AB.<\/p>\n<p><br><!-- wp:table --><\/p>\n<figure class=\"wp-block-table\">\n<table>\n<tbody>\n<tr>\n<td><strong>Cookie<\/strong><\/td>\n<td><strong>Beskrivning<\/strong><\/td>\n<td><strong>Lagringstid<\/strong><\/td>\n<td><strong>Bearbetning<\/strong><\/td>\n<\/tr>\n<tr>\n<td>_ga<\/td>\n<td>Denna cookie installeras av Google Analytics. Cookien anv\u00e4nds f\u00f6r att ber\u00e4kna data om bes\u00f6kare, session, kampanj och h\u00e5lla reda p\u00e5 anv\u00e4ndningen av webbplatsen f\u00f6r webbplatsens analysrapport. Cookies lagrar information anonymt och tilldelar ett randolymererat nummer f\u00f6r att identifiera unika bes\u00f6kare.\u00a0 \u00a0\u00a0<\/td>\n<td>2 \u00e5r<\/td>\n<td>Analys<\/td>\n<\/tr>\n<tr>\n<td>_gid<\/td>\n<td>Denna cookie installeras av Google Analytics. Cookien anv\u00e4nds f\u00f6r att lagra information om hur bes\u00f6kare anv\u00e4nder en webbplats och hj\u00e4lper till att skapa en analysrapport om hur webbplatsen fungerar. Uppgifterna som samlats in inklusive antalet bes\u00f6kare, k\u00e4llan d\u00e4r de kommer fr\u00e5n och de bes\u00f6kta sidorna \u00e4r anonyma.<\/td>\n<td>1 dag<\/td>\n<td>Analys<\/td>\n<\/tr>\n<tr>\n<td>_gat<\/td>\n<td>Cookies installeras av Google Universal Analytics f\u00f6r att begr\u00e4nsa antalet f\u00f6rfr\u00e5gningar och antalet av insamlade data p\u00e5 webbplatsen med stor trafik.\u00a0<\/td>\n<td>1 minut<\/td>\n<td>Prestandaf\u00f6rb\u00e4ttring<\/td>\n<\/tr>\n<tr>\n<td>_gcl_au<\/td>\n<td>Filen anv\u00e4nds av Google Analytics f\u00f6r att f\u00f6rst\u00e5 hur bes\u00f6kare interagerar med webbplatser.<\/td>\n<td>3 m\u00e5nader<\/td>\n<td>Analys<\/td>\n<\/tr>\n<tr>\n<td>Test_cookie<\/td>\n<td>Denna cookie st\u00e4lls in av doubleclick.net. Syftet med cookien \u00e4r att best\u00e4mma om anv\u00e4ndarnas webbl\u00e4sare st\u00f6der cookies.<\/td>\n<td>15 minuter<\/td>\n<td>Reklam<\/td>\n<\/tr>\n<tr>\n<td>_fbp<\/td>\n<td>Denna cookie st\u00e4lls in av Facebook f\u00f6r att leverera reklam n\u00e4r de \u00e4r p\u00e5 Facebook eller en digital plattform som drivs av Facebook-reklam efter att ha bes\u00f6kt denna webbplats.<\/td>\n<td>3 m\u00e5nader<\/td>\n<td>Reklam<\/td>\n<\/tr>\n<tr>\n<td>fr<\/td>\n<td>Cookien anv\u00e4nds av Facebook f\u00f6r att visa annonser.<\/td>\n<td>3 m\u00e5nader<\/td>\n<td>Reklam<\/td>\n<\/tr>\n<\/tbody>\n<\/table>\n<\/figure>\n<p><!-- \/wp:table --><br>F\u00f6rutom de kakor som anges i tabellen ovan b\u00f6r du \u00f6verv\u00e4ga n\u00e4rvaron av sessionsfiler (sessionskakor), som tillf\u00e4lligt lagras p\u00e5 din dator och raderas automatiskt n\u00e4r du st\u00e4nger din webbl\u00e4sare. Deras anv\u00e4ndning \u00e4r endast begr\u00e4nsad till \u00f6verf\u00f6ring av session-identifieringsdata (representerade av slumpm\u00e4ssiga nummer genererade av webbplatser), som \u00e4r n\u00f6dv\u00e4ndiga f\u00f6r att m\u00f6jligg\u00f6ra prestanda f\u00f6r en specifik tj\u00e4nst och f\u00f6r s\u00e4ker och effektiv navigering p\u00e5 webbplatsen. De s\u00e5 kallade sessionsfiler som anv\u00e4nds p\u00e5 den h\u00e4r webbplatsen h\u00e4nvisar inte till annan informationsteknologi som kan vara skadlig f\u00f6r anv\u00e4ndarens data. De till\u00e5ter inte \u00f6verf\u00f6ring av anv\u00e4ndarens personuppgifter.<\/p>\n<p>8. Webbl\u00e4sarinst\u00e4llningarna f\u00f6r \u201dcookies\u201d p\u00e5verkar samtycket till anv\u00e4ndning av \u201dcookies\u201d. Samtycke kan ocks\u00e5 uttryckas, \u00e4ndras eller \u00e5terkallas genom l\u00e4mpliga webbl\u00e4sarinst\u00e4llningar. Inst\u00e4llningarna f\u00f6r den webbl\u00e4sare som anv\u00e4nds kan ocks\u00e5 blockera att Google Analytics placerar en cookie p\u00e5 ditt system. \u201dCookies\u201d-filerna som anv\u00e4nds av Google Analytics-tj\u00e4nsten samt andra \u201dcookies\u201d kan st\u00e4ngas av eller raderas n\u00e4r som helst med en webbl\u00e4sare.<\/p>\n<p>9. Detaljerad information om hur du \u00e4ndrar inst\u00e4llningarna f\u00f6r \u201dcookies\u201d och deras oberoende radering i de mest popul\u00e4ra webbl\u00e4sarna finns i hj\u00e4lpavsnittet i webbl\u00e4saren:<\/p>\n<ul>\n<li>Mozilla Firefox: https:\/\/support.mozilla.org\/it\/kb\/Gestione%20dei%20cookie<\/li>\n<li>Google Chrome: https:\/\/support.google.com\/chrome\/answer\/95647?hl=it<\/li>\n<li>Internet Explorer: http:\/\/windows.microsoft.com\/it-it\/windows-vista\/block-or-allow-cookies<\/li>\n<li>Safari 6\/7 Mavericks: https:\/\/support.apple.com\/kb\/PH17191?viewlocale=it_IT&amp;locale=it_IT<\/li>\n<li>Safari 8 Yosemite: https:\/\/support.apple.com\/kb\/PH19214?viewlocale=it_IT&amp;locale=it_IT<\/li>\n<li>Safari na iPhone, iPad lub iPod touch: https:\/\/support.apple.com\/it-it\/HT201265<\/li>\n<\/ul>\n<\/div>\n<\/div>\n<\/div>\n<\/div>\n<\/div>    <\/div>\n<\/div>\n<!-- \/module text -->        <\/div>\n                        <\/div>\n        <\/div>\n        <\/div>\n<!--\/themify_builder_content-->","protected":false},"excerpt":{"rendered":"<p>Cookies Policy<\/p>\n","protected":false},"author":4,"featured_media":0,"parent":0,"menu_order":0,"comment_status":"closed","ping_status":"closed","template":"","meta":{"_acf_changed":false,"inline_featured_image":false,"footnotes":""},"acf":[],"builder_content":"<h1>Cookies Policy<\/h1>\n<p><strong>Cookies p\u00e5 sunroof.se<\/strong><br>1.Sunroof:s webbplatser anv\u00e4nder kakor (cookies).<\/p> <p>2. Kakor \u00e4r IT-data, i synnerhet textfiler som lagras p\u00e5 den enhet anv\u00e4ndaren surfar p\u00e5, till exempel dator eller mobiltelefon, och de ger m\u00f6jlighet att anv\u00e4nda webbsidor. Kakor hj\u00e4lper oss att k\u00e4nna igen anv\u00e4ndarens enhet och korrekt visa webbplatsen som \u00f6verensst\u00e4mmer med hans preferenser. Med standardparametrarna f\u00f6r kakor kan informationen i den l\u00e4sas av servern som skapade dem. \u201dCookies\u201d inneh\u00e5ller vanligtvis namnet p\u00e5 webbplatsen som de kommer fr\u00e5n, deras lagringstid p\u00e5 slutanordningen och ett unikt nummer.<\/p> <p>3. Cookies anv\u00e4nds f\u00f6r att anpassa inneh\u00e5llet p\u00e5 webbplatssidorna till anv\u00e4ndarens preferenser och optimera anv\u00e4ndningen av webbplatser. Kakan inneh\u00e5ller ingen information som kan kopplas ihop med anv\u00e4ndaren som enskild person. Tj\u00e4nsteleverant\u00f6ren behandlar informationen i \u201dcookies\u201d n\u00e4r bes\u00f6kare anv\u00e4nder webbplatsen. \u201dCookies\u201d lagras fr\u00e4mst f\u00f6r att anpassa webbplatsen till de individuella behoven hos bes\u00f6kare, skapa bes\u00f6kares statistik och lagra anv\u00e4ndardata (efter inloggning), s\u00e5 att anv\u00e4ndaren inte beh\u00f6ver ange inloggning och l\u00f6senord p\u00e5 varje undersida p\u00e5 hemsidan varje g\u00e5ng; \u00e4ndringar av dessa inst\u00e4llningar kan g\u00f6ras n\u00e4r som helst.<\/p> <p>4. Webbplatsen anv\u00e4nder f\u00f6ljande typer av kakor \u201ecookies\u201d:<\/p> <ul> <li>\u201dTillf\u00e4lliga\u201d cookies som f\u00f6rblir i din webbl\u00e4sare eller enhet endast tills du l\u00e4mnar webbplatsen. De tas sedan bort fr\u00e5n din enhet n\u00e4r du l\u00e4mnar Tj\u00e4nsten.<\/li> <li>\u2018\u201dBest\u00e4ndiga\u201d cookies f\u00f6rblir i din webbl\u00e4sare eller enhet under mycket l\u00e4ngre tid \u2013 de st\u00e5r kvar d\u00e4r tills du tar bort dem.<\/li> <li>\u201dAnalytiska\u201d cookies samlar in information om hur du anv\u00e4nder webbplatsen, t ex vilka sidor p\u00e5 webbplatsen som anv\u00e4ndaren har bes\u00f6kt mest, hj\u00e4lper oss att registrera eventuella sv\u00e5righeter du har med webbplatsen. \u201dAnalytiska\u201d cookies samlar inte in informationer som ger m\u00f6jlighet att identifiera anv\u00e4ndaren, och insamlade data blir anonyma. Vi anv\u00e4nder analytiska cookies f\u00f6r att f\u00f6rb\u00e4ttra hur webbplatsen fungerar.<\/li> <li>\u201dFunktionella\u201d kakor, vilket m\u00f6jligg\u00f6r \u201datt komma ih\u00e5g\u201d de inst\u00e4llningar som valts av anv\u00e4ndaren och anpassa anv\u00e4ndarens gr\u00e4nssnitt, t.ex. att \u00e4ndra teckenstorlek, justera sidan och aktivera tj\u00e4nster som att l\u00e4gga till kommentarer p\u00e5 n\u00e5gons blogg.<\/li> <\/ul> <p>5. Vanligtvis till\u00e5ter den programvara som anv\u00e4nds f\u00f6r att surfa p\u00e5 webbplatser att placera \u201dcookies\u201d p\u00e5 anv\u00e4ndarens slutanordning. Dessa inst\u00e4llningar kan \u00e4ndras, s\u00e4rskilt p\u00e5 ett s\u00e5dant s\u00e4tt att den automatiska hanteringen av cookies blockeras i webbl\u00e4sarinst\u00e4llningarna eller informeras om dem varje g\u00e5ng de placeras p\u00e5 webbplatsens anv\u00e4ndares enhet. Detaljerad information om m\u00f6jligheter och s\u00e4tt att hantera kakor finns i inst\u00e4llningarna f\u00f6r programvaran (webbl\u00e4sare). Begr\u00e4nsning av anv\u00e4ndningen av \u201dcookies\u201d kan p\u00e5verka vissa funktioner som finns tillg\u00e4ngliga p\u00e5 webbplatsen (till exempel kan det inte vara m\u00f6jligt att f\u00f6lja best\u00e4llningsv\u00e4gen).<\/p> <p>6. Webbplatsen anv\u00e4nder Google Analytics f\u00f6r att sp\u00e5ra och analysera webbplatstrafik, samla in och analysera data om beteende hos webbplatsbes\u00f6kare. Webbtrafikanalys anv\u00e4nds fr\u00e4mst f\u00f6r att optimera en webbplats. I enlighet med vissa funktioner i Goolge Analytycs kan \u201dcookies\u201d anv\u00e4ndas f\u00f6r marknadsf\u00f6rings\u00e4ndam\u00e5l och informationen i dem kan profileras.<\/p> <p>Operat\u00f6ren av Google Analytics \u00e4r Google Inc., 1600 Amphitheatre Pkwy, Mountain View, CA 94043-1351 med s\u00e4te i USA.<\/p> <p>Om du inv\u00e4nder mot profilering eller marknadsf\u00f6ringsaktiviteter, anv\u00e4nd l\u00e4mpliga inst\u00e4llningar i din webbl\u00e4sare.<\/p> <p>Anv\u00e4ndaren kan n\u00e4r som helst v\u00e4gra samtycke till insamling och bearbetning av data relaterat till anv\u00e4ndningen av webbplatsen av Google Analytics, och till bearbetningen av denna information i samband med detta av Google, och kan n\u00e4r som helst f\u00f6rhindra s\u00e5dana aktiviteter. F\u00f6r att g\u00f6ra detta, ladda ner webbl\u00e4sartill\u00e4gget som \u00e4r tillg\u00e4ngligt h\u00e4r: tools.google.com\/dlpage\/gaoptout och installera det sedan. tools.google.com\/dlpage\/gaoptout and then install it.<\/p> <p>Webbplatsen anv\u00e4nder eller kan ocks\u00e5 anv\u00e4nda f\u00f6r marknadsf\u00f6rings\u00e4ndam\u00e5l f\u00f6ljande verktyg som anv\u00e4nder cookies: Google Tag Manager, Google Ads, Facebook Pixel, Yandex Metrica. Anv\u00e4ndningen av cookies i samband med anv\u00e4ndningen av dessa verktyg sker i enlighet med denna Cookie-Policy och de regler som operat\u00f6rerna av dessa verktyg g\u00f6r tillg\u00e4ngliga.<\/p> <p>7. I tabellen nedan visas \u201ecookies\u201d som anv\u00e4nds av bolag SunRoof International Holding AB.<\/p> <p><br><\/p> <figure> <table> <tbody> <tr> <td><strong>Cookie<\/strong><\/td> <td><strong>Beskrivning<\/strong><\/td> <td><strong>Lagringstid<\/strong><\/td> <td><strong>Bearbetning<\/strong><\/td> <\/tr> <tr> <td>_ga<\/td> <td>Denna cookie installeras av Google Analytics. Cookien anv\u00e4nds f\u00f6r att ber\u00e4kna data om bes\u00f6kare, session, kampanj och h\u00e5lla reda p\u00e5 anv\u00e4ndningen av webbplatsen f\u00f6r webbplatsens analysrapport. Cookies lagrar information anonymt och tilldelar ett randolymererat nummer f\u00f6r att identifiera unika bes\u00f6kare.\u00a0 \u00a0\u00a0<\/td> <td>2 \u00e5r<\/td> <td>Analys<\/td> <\/tr> <tr> <td>_gid<\/td> <td>Denna cookie installeras av Google Analytics. Cookien anv\u00e4nds f\u00f6r att lagra information om hur bes\u00f6kare anv\u00e4nder en webbplats och hj\u00e4lper till att skapa en analysrapport om hur webbplatsen fungerar. Uppgifterna som samlats in inklusive antalet bes\u00f6kare, k\u00e4llan d\u00e4r de kommer fr\u00e5n och de bes\u00f6kta sidorna \u00e4r anonyma.<\/td> <td>1 dag<\/td> <td>Analys<\/td> <\/tr> <tr> <td>_gat<\/td> <td>Cookies installeras av Google Universal Analytics f\u00f6r att begr\u00e4nsa antalet f\u00f6rfr\u00e5gningar och antalet av insamlade data p\u00e5 webbplatsen med stor trafik.\u00a0<\/td> <td>1 minut<\/td> <td>Prestandaf\u00f6rb\u00e4ttring<\/td> <\/tr> <tr> <td>_gcl_au<\/td> <td>Filen anv\u00e4nds av Google Analytics f\u00f6r att f\u00f6rst\u00e5 hur bes\u00f6kare interagerar med webbplatser.<\/td> <td>3 m\u00e5nader<\/td> <td>Analys<\/td> <\/tr> <tr> <td>Test_cookie<\/td> <td>Denna cookie st\u00e4lls in av doubleclick.net. Syftet med cookien \u00e4r att best\u00e4mma om anv\u00e4ndarnas webbl\u00e4sare st\u00f6der cookies.<\/td> <td>15 minuter<\/td> <td>Reklam<\/td> <\/tr> <tr> <td>_fbp<\/td> <td>Denna cookie st\u00e4lls in av Facebook f\u00f6r att leverera reklam n\u00e4r de \u00e4r p\u00e5 Facebook eller en digital plattform som drivs av Facebook-reklam efter att ha bes\u00f6kt denna webbplats.<\/td> <td>3 m\u00e5nader<\/td> <td>Reklam<\/td> <\/tr> <tr> <td>fr<\/td> <td>Cookien anv\u00e4nds av Facebook f\u00f6r att visa annonser.<\/td> <td>3 m\u00e5nader<\/td> <td>Reklam<\/td> <\/tr> <\/tbody> <\/table> <\/figure> <p><br>F\u00f6rutom de kakor som anges i tabellen ovan b\u00f6r du \u00f6verv\u00e4ga n\u00e4rvaron av sessionsfiler (sessionskakor), som tillf\u00e4lligt lagras p\u00e5 din dator och raderas automatiskt n\u00e4r du st\u00e4nger din webbl\u00e4sare. Deras anv\u00e4ndning \u00e4r endast begr\u00e4nsad till \u00f6verf\u00f6ring av session-identifieringsdata (representerade av slumpm\u00e4ssiga nummer genererade av webbplatser), som \u00e4r n\u00f6dv\u00e4ndiga f\u00f6r att m\u00f6jligg\u00f6ra prestanda f\u00f6r en specifik tj\u00e4nst och f\u00f6r s\u00e4ker och effektiv navigering p\u00e5 webbplatsen. De s\u00e5 kallade sessionsfiler som anv\u00e4nds p\u00e5 den h\u00e4r webbplatsen h\u00e4nvisar inte till annan informationsteknologi som kan vara skadlig f\u00f6r anv\u00e4ndarens data. De till\u00e5ter inte \u00f6verf\u00f6ring av anv\u00e4ndarens personuppgifter.<\/p> <p>8. Webbl\u00e4sarinst\u00e4llningarna f\u00f6r \u201dcookies\u201d p\u00e5verkar samtycket till anv\u00e4ndning av \u201dcookies\u201d. Samtycke kan ocks\u00e5 uttryckas, \u00e4ndras eller \u00e5terkallas genom l\u00e4mpliga webbl\u00e4sarinst\u00e4llningar. Inst\u00e4llningarna f\u00f6r den webbl\u00e4sare som anv\u00e4nds kan ocks\u00e5 blockera att Google Analytics placerar en cookie p\u00e5 ditt system. \u201dCookies\u201d-filerna som anv\u00e4nds av Google Analytics-tj\u00e4nsten samt andra \u201dcookies\u201d kan st\u00e4ngas av eller raderas n\u00e4r som helst med en webbl\u00e4sare.<\/p> <p>9. Detaljerad information om hur du \u00e4ndrar inst\u00e4llningarna f\u00f6r \u201dcookies\u201d och deras oberoende radering i de mest popul\u00e4ra webbl\u00e4sarna finns i hj\u00e4lpavsnittet i webbl\u00e4saren:<\/p> <ul> <li>Mozilla Firefox: https:\/\/support.mozilla.org\/it\/kb\/Gestione%20dei%20cookie<\/li> <li>Google Chrome: https:\/\/support.google.com\/chrome\/answer\/95647?hl=it<\/li> <li>Internet Explorer: http:\/\/windows.microsoft.com\/it-it\/windows-vista\/block-or-allow-cookies<\/li> <li>Safari 6\/7 Mavericks: https:\/\/support.apple.com\/kb\/PH17191?viewlocale=it_IT&amp;locale=it_IT<\/li> <li>Safari 8 Yosemite: https:\/\/support.apple.com\/kb\/PH19214?viewlocale=it_IT&amp;locale=it_IT<\/li> <li>Safari na iPhone, iPad lub iPod touch: https:\/\/support.apple.com\/it-it\/HT201265<\/li> <\/ul>","_links":{"self":[{"href":"https:\/\/new.sunroof.se\/sv\/wp-json\/wp\/v2\/pages\/1549"}],"collection":[{"href":"https:\/\/new.sunroof.se\/sv\/wp-json\/wp\/v2\/pages"}],"about":[{"href":"https:\/\/new.sunroof.se\/sv\/wp-json\/wp\/v2\/types\/page"}],"author":[{"embeddable":true,"href":"https:\/\/new.sunroof.se\/sv\/wp-json\/wp\/v2\/users\/4"}],"replies":[{"embeddable":true,"href":"https:\/\/new.sunroof.se\/sv\/wp-json\/wp\/v2\/comments?post=1549"}],"version-history":[{"count":45,"href":"https:\/\/new.sunroof.se\/sv\/wp-json\/wp\/v2\/pages\/1549\/revisions"}],"predecessor-version":[{"id":3311,"href":"https:\/\/new.sunroof.se\/sv\/wp-json\/wp\/v2\/pages\/1549\/revisions\/3311"}],"wp:attachment":[{"href":"https:\/\/new.sunroof.se\/sv\/wp-json\/wp\/v2\/media?parent=1549"}],"curies":[{"name":"wp","href":"https:\/\/api.w.org\/{rel}","templated":true}]}}