{"id":2496,"date":"2024-06-10T12:56:14","date_gmt":"2024-06-10T10:56:14","guid":{"rendered":"https:\/\/new.sunroof.se\/pl\/?page_id=2496"},"modified":"2024-06-11T22:00:14","modified_gmt":"2024-06-11T20:00:14","slug":"my-sunroof","status":"publish","type":"page","link":"https:\/\/new.sunroof.se\/pl\/my-sunroof\/","title":{"rendered":"My.SunRoof"},"content":{"rendered":"<!--themify_builder_content-->\n<div id=\"themify_builder_content-2496\" data-postid=\"2496\" class=\"themify_builder_content themify_builder_content-2496 themify_builder tf_clear\">\n                    <div  data-lazy=\"1\" class=\"module_row themify_builder_row tb_abp1817 tb_first tf_w\">\n                        <div class=\"row_inner col_align_top tb_col_count_2 tf_box tf_rel\">\n                        <div  data-lazy=\"1\" class=\"module_column tb-column col4-2 tb_ibid817 first\">\n                    <!-- module text -->\n<div  class=\"module module-text tb_aufe817   \" data-lazy=\"1\">\n        <div  class=\"tb_text_wrap\">\n        <div class=\"gb-container gb-container-2b08408c alignfull\">\n<div class=\"gb-container gb-container-690db439\">\n<div class=\"gb-container gb-container-2b37522a\">\n<div class=\"gb-container gb-container-7f8fd74b\">\n<div class=\"gb-container gb-container-6357d5f0\">\n<h1 class=\"gb-container gb-container-04a23e41 alignfull\"><span style=\"letter-spacing: normal; white-space: pre-wrap; caret-color: #000000; color: #000000;\">My.SunRoof<\/span><\/h1>\n<\/div>\n<\/div>\n<\/div>\n<\/div>\n<\/div>    <\/div>\n<\/div>\n<!-- \/module text -->        <\/div>\n                    <div  data-lazy=\"1\" class=\"module_column tb-column col4-2 tb_gxfq817 last\">\n                            <\/div>\n                        <\/div>\n        <\/div>\n                        <div  data-lazy=\"1\" class=\"module_row themify_builder_row tb_nk6j751 tf_w\">\n                        <div class=\"row_inner col_align_top tb_col_count_2 tf_box tf_rel\">\n                        <div  data-lazy=\"1\" class=\"module_column tb-column col4-2 tb_2ncc751 first\">\n                    <!-- module text -->\n<div  class=\"module module-text tb_p9nt789   \" data-lazy=\"1\">\n        <div  class=\"tb_text_wrap\">\n        <div class=\"gb-container gb-container-2b08408c alignfull\">\n<div class=\"gb-container gb-container-690db439\">\n<div class=\"gb-container gb-container-2b37522a\">\n<div class=\"gb-container gb-container-7f8fd74b\">\n<div class=\"gb-container gb-container-6357d5f0\">\n<h2 class=\"gb-container gb-container-04a23e41 alignfull\">Cyfrowa platforma All-in-One<\/h2>\n<\/div>\n<\/div>\n<\/div>\n<\/div>\n<\/div>    <\/div>\n<\/div>\n<!-- \/module text -->        <\/div>\n                    <div  data-lazy=\"1\" class=\"module_column tb-column col4-2 tb_7ynu751 last\">\n                    <!-- module text -->\n<div  class=\"module module-text tb_c3k4751   \" data-lazy=\"1\">\n        <div  class=\"tb_text_wrap\">\n        <p>Zmie\u0144 styl \u017cycia na bardziej zr\u00f3wnowa\u017cony dzi\u0119ki innowacyjnym rozwi\u0105zaniom energetycznym!<\/p>\n<p><span style=\"white-space: pre-wrap; caret-color: #000000; color: #000000;\">Otw\u00f3rz w <strong><a style=\"color: #000000; font-weight: bold; text-decoration: underline;\" href=\"https:\/\/my.sunroof.se\/auth\/login\/\">przegl\u0105darce<\/a><\/strong>, pobierz z App Store lub Google Play i dowiedz si\u0119, jak uzyska\u0107 dost\u0119p do naszych us\u0142ug teraz!<\/span><\/p>    <\/div>\n<\/div>\n<!-- \/module text -->        <div  data-lazy=\"1\" class=\"module_subrow themify_builder_sub_row tf_w col_align_top tb_col_count_2 tb_m04y233\">\n                <div  data-lazy=\"1\" class=\"module_column sub_column col4-2 tb_c9xs233 first\">\n                    <!-- module image -->\n<div  class=\"module module-image tb_kirc987 image-top   tf_mw\" data-lazy=\"1\">\n        <div class=\"image-wrap tf_rel tf_mw\">\n            <a href=\"https:\/\/www.google.com\/url?sa=t&#038;source=web&#038;rct=j&#038;opi=89978449&#038;url=https:\/\/apps.apple.com\/se\/app\/my-sunroof\/id6472328172&#038;ved=2ahUKEwjc6P6g_9CGAxUJLhAIHQnIAPoQFnoECBUQAQ&#038;usg=AOvVaw1iPm3wKcrASdLpQvQoxFSX\">\n                   <img loading=\"lazy\" decoding=\"async\" src=\"https:\/\/new.sunroof.se\/pl\/wp-content\/uploads\/2024\/06\/download_AppStore.png\" width=\"205\" height=\"60\" title=\"My.SunRoof\" alt=\"My.SunRoof\">        <\/a>\n    \n        <\/div>\n    <!-- \/image-wrap -->\n    \n        <\/div>\n<!-- \/module image -->        <\/div>\n                    <div  data-lazy=\"1\" class=\"module_column sub_column col4-2 tb_5bq2233 last\">\n                    <!-- module image -->\n<div  class=\"module module-image tb_8mjm400 image-top   tf_mw\" data-lazy=\"1\">\n        <div class=\"image-wrap tf_rel tf_mw\">\n            <a href=\"https:\/\/play.google.com\/store\/apps\/details?id=se.sunroof.my&#038;hl=en_GB&#038;pli=1\">\n                   <img loading=\"lazy\" decoding=\"async\" src=\"https:\/\/new.sunroof.se\/pl\/wp-content\/uploads\/2024\/06\/download_GooglePlay.png\" width=\"205\" height=\"59\" title=\"My.SunRoof\" alt=\"My.SunRoof\">        <\/a>\n    \n        <\/div>\n    <!-- \/image-wrap -->\n    \n        <\/div>\n<!-- \/module image -->        <\/div>\n                    <\/div>\n                <\/div>\n                        <\/div>\n        <\/div>\n                        <div  data-lazy=\"1\" class=\"module_row themify_builder_row tb_uywx569 tf_w hide-mobile\">\n                        <div class=\"row_inner col_align_top tb_col_count_1 tf_box tf_rel\">\n                        <div  data-lazy=\"1\" class=\"module_column tb-column col-full tb_lvpy569 first\">\n                    <!-- module image -->\n<div  class=\"module module-image tb_sw1y569 image-top   tf_mw\" data-lazy=\"1\">\n        <div class=\"image-wrap tf_rel tf_mw\">\n            <img loading=\"lazy\" decoding=\"async\" src=\"https:\/\/new.sunroof.se\/pl\/wp-content\/uploads\/2024\/06\/header-mysunroof_1300x600.jpg\" width=\"1300\" height=\"600\" title=\"My.SunRoof\" alt=\"My.SunRoof\">    \n        <\/div>\n    <!-- \/image-wrap -->\n    \n        <\/div>\n<!-- \/module image -->        <\/div>\n                        <\/div>\n        <\/div>\n                        <div  data-lazy=\"1\" class=\"module_row themify_builder_row tb_r5w2919 tf_w hide-desktop hide-tablet hide-tablet_landscape\">\n                        <div class=\"row_inner col_align_top tb_col_count_1 tf_box tf_rel\">\n                        <div  data-lazy=\"1\" class=\"module_column tb-column col-full tb_wqy8919 first\">\n                    <!-- module image -->\n<div  class=\"module module-image tb_8slq919 image-top   auto_fullwidth tf_mw\" data-lazy=\"1\">\n        <div class=\"image-wrap tf_rel tf_mw\">\n            <a href=\"https:\/\/www.youtube.com\/watch?v=CGgD2aTr11o\" class=\"lightbox-builder themify_lightbox\" data-zoom-config=\"90%|90%\">\n                   <img loading=\"lazy\" decoding=\"async\" src=\"https:\/\/new.sunroof.se\/pl\/wp-content\/uploads\/2024\/06\/header-mysunroof_1300x600.jpg\" width=\"1300\" height=\"600\" title=\"My.SunRoof\" alt=\"My.SunRoof\">        <\/a>\n    \n        <\/div>\n    <!-- \/image-wrap -->\n    \n        <\/div>\n<!-- \/module image -->        <\/div>\n                        <\/div>\n        <\/div>\n                        <div  data-lazy=\"1\" class=\"module_row themify_builder_row tb_a0j5354 tf_w\">\n                        <div class=\"row_inner col_align_top tb_col_count_2 tf_box tf_rel\">\n                        <div  data-lazy=\"1\" class=\"module_column tb-column col4-2 tb_igto965 first\">\n                    <!-- module text -->\n<div  class=\"module module-text tb_wuig343   \" data-lazy=\"1\">\n        <div  class=\"tb_text_wrap\">\n        <div class=\"gb-container gb-container-2b08408c alignfull\">\n<div class=\"gb-container gb-container-690db439\">\n<div class=\"gb-container gb-container-2b37522a\">\n<div class=\"gb-container gb-container-7f8fd74b\">\n<div class=\"gb-container gb-container-6357d5f0\">\n<h2 class=\"gb-container gb-container-04a23e41 alignfull\">W SunRoof d\u0105\u017cymy do zapewnienia Klientom najlepszych do\u015bwiadcze\u0144 zwi\u0105zanych z energi\u0105 s\u0142oneczn\u0105.<\/h2>\n<\/div>\n<\/div>\n<\/div>\n<\/div>\n<\/div>    <\/div>\n<\/div>\n<!-- \/module text -->        <\/div>\n                    <div  data-lazy=\"1\" class=\"module_column tb-column col4-2 tb_lphr200 last\">\n                    <!-- module text -->\n<div  class=\"module module-text tb_fuel200   \" data-lazy=\"1\">\n        <div  class=\"tb_text_wrap\">\n        <p>Wiemy, \u017ce dobra komunikacja i przejrzysto\u015b\u0107 to klucz do satysfakcji ze wsp\u00f3\u0142pracy. Dlatego stworzyli\u015bmy My.SunRoof \u2013 nowoczesny, kompleksowy portal, kt\u00f3ry rewolucjonizuje spos\u00f3b korzystania z naszych us\u0142ug, zapewniaj\u0105c pe\u0142n\u0105 kontrol\u0119 i wygod\u0119 na wyci\u0105gni\u0119cie r\u0119ki.<\/p>    <\/div>\n<\/div>\n<!-- \/module text -->        <\/div>\n                        <\/div>\n        <\/div>\n                        <div  data-lazy=\"1\" class=\"module_row themify_builder_row tb_6d4o208 tf_w hide-mobile\">\n                        <div class=\"row_inner col_align_top tb_col_count_1 tf_box tf_rel\">\n                        <div  data-lazy=\"1\" class=\"module_column tb-column col-full tb_caz9208 first\">\n                    <!-- module image -->\n<div  class=\"module module-image tb_ovp6208 image-top   tf_mw\" data-lazy=\"1\">\n        <div class=\"image-wrap tf_rel tf_mw\">\n            <img loading=\"lazy\" decoding=\"async\" src=\"https:\/\/new.sunroof.se\/pl\/wp-content\/uploads\/2024\/06\/header-mysunroof2_1300x600.jpg\" width=\"1300\" height=\"600\" title=\"My.SunRoof\" alt=\"My.SunRoof\">    \n        <\/div>\n    <!-- \/image-wrap -->\n    \n        <\/div>\n<!-- \/module image -->        <\/div>\n                        <\/div>\n        <\/div>\n                        <div  data-lazy=\"1\" class=\"module_row themify_builder_row tb_fdvd699 tf_w hide-desktop hide-tablet hide-tablet_landscape\">\n                        <div class=\"row_inner col_align_top tb_col_count_1 tf_box tf_rel\">\n                        <div  data-lazy=\"1\" class=\"module_column tb-column col-full tb_m511699 first\">\n                    <!-- module image -->\n<div  class=\"module module-image tb_6qlp699 image-top   auto_fullwidth tf_mw\" data-lazy=\"1\">\n        <div class=\"image-wrap tf_rel tf_mw\">\n            <img loading=\"lazy\" decoding=\"async\" src=\"https:\/\/new.sunroof.se\/pl\/wp-content\/uploads\/2024\/06\/header-mysunroof2_mobile_450x460.jpg\" width=\"450\" height=\"460\" title=\"My.SunRoof\" alt=\"My.SunRoof\">    \n        <\/div>\n    <!-- \/image-wrap -->\n    \n        <\/div>\n<!-- \/module image -->        <\/div>\n                        <\/div>\n        <\/div>\n                        <div  data-lazy=\"1\" class=\"module_row themify_builder_row tb_vlov923 tf_w\">\n                        <div class=\"row_inner col_align_top tb_col_count_2 tf_box tf_rel\">\n                        <div  data-lazy=\"1\" class=\"module_column tb-column col4-2 tb_58ew923 first\">\n                    <!-- module text -->\n<div  class=\"module module-text tb_23e7923   \" data-lazy=\"1\">\n        <div  class=\"tb_text_wrap\">\n        <div class=\"gb-container gb-container-2b08408c alignfull\">\n<div class=\"gb-container gb-container-690db439\">\n<div class=\"gb-container gb-container-2b37522a\">\n<div class=\"gb-container gb-container-7f8fd74b\">\n<div class=\"gb-container gb-container-6357d5f0\">\n<h2 class=\"gb-container gb-container-04a23e41 alignfull\"><span style=\"letter-spacing: normal; white-space: pre-wrap;\">My.SunRoof &#8211; kompleksowy portal Klienta<\/span><\/h2>\n<\/div>\n<\/div>\n<\/div>\n<\/div>\n<\/div>    <\/div>\n<\/div>\n<!-- \/module text -->        <\/div>\n                    <div  data-lazy=\"1\" class=\"module_column tb-column col4-2 tb_hadf923 last\">\n                    <!-- module text -->\n<div  class=\"module module-text tb_3c79923   \" data-lazy=\"1\">\n        <div  class=\"tb_text_wrap\">\n        <p><span class=\"TextRun SCXW171706902 BCX0\" lang=\"EN-US\" xml:lang=\"EN-US\" data-contrast=\"none\"><span class=\"NormalTextRun SpellingErrorV2Themed SCXW171706902 BCX0\">Uruchomili\u015bmy<\/span> <span class=\"NormalTextRun SpellingErrorV2Themed SCXW171706902 BCX0\">My.SunRoof<\/span><span class=\"NormalTextRun SCXW171706902 BCX0\">,<\/span><span class=\"NormalTextRun SCXW171706902 BCX0\"> aby <\/span><span class=\"NormalTextRun SpellingErrorV2Themed SCXW171706902 BCX0\">dynamicznie<\/span> <span class=\"NormalTextRun SpellingErrorV2Themed SCXW171706902 BCX0\">dostosowywa\u0107<\/span> <span class=\"NormalTextRun SpellingErrorV2Themed SCXW171706902 BCX0\">si\u0119<\/span><span class=\"NormalTextRun SCXW171706902 BCX0\"> do <\/span><span class=\"NormalTextRun SpellingErrorV2Themed SCXW171706902 BCX0\">potrzeb<\/span> <span class=\"NormalTextRun SpellingErrorV2Themed SCXW171706902 BCX0\">K<\/span><span class=\"NormalTextRun SpellingErrorV2Themed SCXW171706902 BCX0\">lient\u00f3w<\/span> <span class=\"NormalTextRun SpellingErrorV2Themed SCXW171706902 BCX0\">i<\/span> <span class=\"NormalTextRun SpellingErrorV2Themed SCXW171706902 BCX0\">najnowszych<\/span> <span class=\"NormalTextRun SpellingErrorV2Themed SCXW171706902 BCX0\">trend\u00f3w<\/span><span class=\"NormalTextRun SCXW171706902 BCX0\"> w <\/span><span class=\"NormalTextRun SpellingErrorV2Themed SCXW171706902 BCX0\">bran\u017cy<\/span><span class=\"NormalTextRun SCXW171706902 BCX0\">. <\/span><span class=\"NormalTextRun SpellingErrorV2Themed SCXW171706902 BCX0\">Ca\u0142y<\/span> <span class=\"NormalTextRun SpellingErrorV2Themed SCXW171706902 BCX0\">czas<\/span> <span class=\"NormalTextRun SpellingErrorV2Themed SCXW171706902 BCX0\">ulepsza<\/span><span class=\"NormalTextRun SpellingErrorV2Themed SCXW171706902 BCX0\">my<\/span> <span class=\"NormalTextRun SpellingErrorV2Themed SCXW171706902 BCX0\">aplikacj\u0119<\/span><span class=\"NormalTextRun SCXW171706902 BCX0\">, <\/span><span class=\"NormalTextRun SpellingErrorV2Themed SCXW171706902 BCX0\">oferuj\u0105c<\/span> <span class=\"NormalTextRun SpellingErrorV2Themed SCXW171706902 BCX0\">coraz<\/span> <span class=\"NormalTextRun SpellingErrorV2Themed SCXW171706902 BCX0\">wi\u0119cej<\/span> <span class=\"NormalTextRun SpellingErrorV2Themed SCXW171706902 BCX0\">korzy\u015bc<\/span><span class=\"NormalTextRun SpellingErrorV2Themed SCXW171706902 BCX0\">i<\/span><span class=\"NormalTextRun SCXW171706902 BCX0\">.<\/span> <span class=\"NormalTextRun SCXW171706902 BCX0\">W<\/span> <span class=\"NormalTextRun SpellingErrorV2Themed SCXW171706902 BCX0\">jednym<\/span> <span class=\"NormalTextRun SpellingErrorV2Themed SCXW171706902 BCX0\">miejscu<\/span> <span class=\"NormalTextRun SpellingErrorV2Themed SCXW171706902 BCX0\">zintegrowali\u015bmy<\/span> <span class=\"NormalTextRun SpellingErrorV2Themed SCXW171706902 BCX0\">wszystkie<\/span> <span class=\"NormalTextRun SpellingErrorV2Themed SCXW171706902 BCX0\">dokumenty<\/span> <span class=\"NormalTextRun SpellingErrorV2Themed SCXW171706902 BCX0\">i<\/span> <span class=\"NormalTextRun SpellingErrorV2Themed SCXW171706902 BCX0\">systemy<\/span> <span class=\"NormalTextRun SpellingErrorV2Themed SCXW171706902 BCX0\">zaimplementowane<\/span><span class=\"NormalTextRun SCXW171706902 BCX0\"> w <\/span><span class=\"NormalTextRun SpellingErrorV2Themed SCXW171706902 BCX0\">firmie<\/span><span class=\"NormalTextRun SCXW171706902 BCX0\">, <\/span><span class=\"NormalTextRun SpellingErrorV2Themed SCXW171706902 BCX0\">wspomagaj\u0105c<\/span> <span class=\"NormalTextRun SpellingErrorV2Themed SCXW171706902 BCX0\">zarz\u0105dzanie<\/span> <span class=\"NormalTextRun SpellingErrorV2Themed SCXW171706902 BCX0\">procesem<\/span> <span class=\"NormalTextRun SpellingErrorV2Themed SCXW171706902 BCX0\">budowy<\/span> <span class=\"NormalTextRun SpellingErrorV2Themed SCXW171706902 BCX0\">i<\/span> <span class=\"NormalTextRun SpellingErrorV2Themed SCXW171706902 BCX0\">doskonal\u0105c<\/span> <span class=\"NormalTextRun SpellingErrorV2Themed SCXW171706902 BCX0\">obs\u0142ug\u0119<\/span> <span class=\"NormalTextRun SpellingErrorV2Themed SCXW171706902 BCX0\">inwestora<\/span><span class=\"NormalTextRun SCXW171706902 BCX0\">.<\/span><span class=\"NormalTextRun SCXW171706902 BCX0\">\u00a0<\/span><\/span><\/p>    <\/div>\n<\/div>\n<!-- \/module text -->        <\/div>\n                        <\/div>\n        <\/div>\n                        <div  data-lazy=\"1\" class=\"module_row themify_builder_row tb_6y2v795 tf_w\">\n                        <div class=\"row_inner col_align_top tb_col_count_2 tf_box tf_rel\">\n                        <div  data-lazy=\"1\" class=\"module_column tb-column col4-2 tb_eumb795 first\">\n                    <!-- module text -->\n<div  class=\"module module-text tb_fu3y572   \" data-lazy=\"1\">\n        <div  class=\"tb_text_wrap\">\n        <ul>\n<li>\n<p>Monitoring realizacji projektu w czasie rzeczywistym<\/p>\n<\/li>\n<li>\n<p>Informacje o SunRoof<\/p>\n<\/li>\n<li>\n<p>Bezpo\u015brednia komunikacja<\/p>\n<\/li>\n<li>\n<p>Dost\u0119p do dokument\u00f3w<\/p>\n<\/li>\n<\/ul>    <\/div>\n<\/div>\n<!-- \/module text -->        <\/div>\n                    <div  data-lazy=\"1\" class=\"module_column tb-column col4-2 tb_zfl4796 last\">\n                    <!-- module text -->\n<div  class=\"module module-text tb_opjb498   \" data-lazy=\"1\">\n        <div  class=\"tb_text_wrap\">\n        <ul>\n<li>\n<p>Dane \u201cna \u017cywo\u201d o produkcji energii<\/p>\n<\/li>\n<li>\n<p>Historyczne dane o produkcji energii<\/p>\n<\/li>\n<li>\n<p>FAQ<\/p>\n<\/li>\n<li>\n<p>Dodatkowe us\u0142ugi<\/p>\n<\/li>\n<\/ul>    <\/div>\n<\/div>\n<!-- \/module text -->        <\/div>\n                        <\/div>\n        <\/div>\n                        <div  data-lazy=\"1\" class=\"module_row themify_builder_row tb_b952873 tf_w\">\n                        <div class=\"row_inner col_align_top tb_col_count_2 tf_box tf_rel\">\n                        <div  data-lazy=\"1\" class=\"module_column tb-column col4-2 tb_r8ck873 first\">\n                            <\/div>\n                    <div  data-lazy=\"1\" class=\"module_column tb-column col4-2 tb_9sm7873 last\">\n                    <!-- module text -->\n<div  class=\"module module-text tb_xas4873   \" data-lazy=\"1\">\n        <div  class=\"tb_text_wrap\">\n            <\/div>\n<\/div>\n<!-- \/module text -->        <\/div>\n                        <\/div>\n        <\/div>\n        <\/div>\n<!--\/themify_builder_content-->","protected":false},"excerpt":{"rendered":"<p>My.SunRoof<\/p>\n","protected":false},"author":1,"featured_media":0,"parent":0,"menu_order":0,"comment_status":"closed","ping_status":"closed","template":"","meta":{"_acf_changed":false,"inline_featured_image":false,"footnotes":""},"acf":[],"builder_content":"<h1>My.SunRoof<\/h1>\n<h2>Cyfrowa platforma All-in-One<\/h2>\n<p>Zmie\u0144 styl \u017cycia na bardziej zr\u00f3wnowa\u017cony dzi\u0119ki innowacyjnym rozwi\u0105zaniom energetycznym!<\/p> <p>Otw\u00f3rz w <strong><a style=\"color: #000000; font-weight: bold; text-decoration: underline;\" href=\"https:\/\/my.sunroof.se\/auth\/login\/\">przegl\u0105darce<\/a><\/strong>, pobierz z App Store lub Google Play i dowiedz si\u0119, jak uzyska\u0107 dost\u0119p do naszych us\u0142ug teraz!<\/p>\n<a href=\"https:\/\/www.google.com\/url?sa=t&#038;source=web&#038;rct=j&#038;opi=89978449&#038;url=https:\/\/apps.apple.com\/se\/app\/my-sunroof\/id6472328172&#038;ved=2ahUKEwjc6P6g_9CGAxUJLhAIHQnIAPoQFnoECBUQAQ&#038;usg=AOvVaw1iPm3wKcrASdLpQvQoxFSX\"> <img src=\"https:\/\/new.sunroof.se\/pl\/wp-content\/uploads\/2024\/06\/download_AppStore.png\" width=\"205\" height=\"60\" title=\"My.SunRoof\" alt=\"My.SunRoof\"> <\/a>\n<a href=\"https:\/\/play.google.com\/store\/apps\/details?id=se.sunroof.my&#038;hl=en_GB&#038;pli=1\"> <img src=\"https:\/\/new.sunroof.se\/pl\/wp-content\/uploads\/2024\/06\/download_GooglePlay.png\" width=\"205\" height=\"59\" title=\"My.SunRoof\" alt=\"My.SunRoof\"> <\/a>\n<img src=\"https:\/\/new.sunroof.se\/pl\/wp-content\/uploads\/2024\/06\/header-mysunroof_1300x600.jpg\" width=\"1300\" height=\"600\" title=\"My.SunRoof\" alt=\"My.SunRoof\">\n<a href=\"https:\/\/www.youtube.com\/watch?v=CGgD2aTr11o\" data-zoom-config=\"90%|90%\"> <img src=\"https:\/\/new.sunroof.se\/pl\/wp-content\/uploads\/2024\/06\/header-mysunroof_1300x600.jpg\" width=\"1300\" height=\"600\" title=\"My.SunRoof\" alt=\"My.SunRoof\"> <\/a>\n<h2>W SunRoof d\u0105\u017cymy do zapewnienia Klientom najlepszych do\u015bwiadcze\u0144 zwi\u0105zanych z energi\u0105 s\u0142oneczn\u0105.<\/h2>\n<p>Wiemy, \u017ce dobra komunikacja i przejrzysto\u015b\u0107 to klucz do satysfakcji ze wsp\u00f3\u0142pracy. Dlatego stworzyli\u015bmy My.SunRoof \u2013 nowoczesny, kompleksowy portal, kt\u00f3ry rewolucjonizuje spos\u00f3b korzystania z naszych us\u0142ug, zapewniaj\u0105c pe\u0142n\u0105 kontrol\u0119 i wygod\u0119 na wyci\u0105gni\u0119cie r\u0119ki.<\/p>\n<img src=\"https:\/\/new.sunroof.se\/pl\/wp-content\/uploads\/2024\/06\/header-mysunroof2_1300x600.jpg\" width=\"1300\" height=\"600\" title=\"My.SunRoof\" alt=\"My.SunRoof\">\n<img src=\"https:\/\/new.sunroof.se\/pl\/wp-content\/uploads\/2024\/06\/header-mysunroof2_mobile_450x460.jpg\" width=\"450\" height=\"460\" title=\"My.SunRoof\" alt=\"My.SunRoof\">\n<h2>My.SunRoof - kompleksowy portal Klienta<\/h2>\n<p>Uruchomili\u015bmy My.SunRoof, aby dynamicznie dostosowywa\u0107 si\u0119 do potrzeb Klient\u00f3w i najnowszych trend\u00f3w w bran\u017cy. Ca\u0142y czas ulepszamy aplikacj\u0119, oferuj\u0105c coraz wi\u0119cej korzy\u015bci. W jednym miejscu zintegrowali\u015bmy wszystkie dokumenty i systemy zaimplementowane w firmie, wspomagaj\u0105c zarz\u0105dzanie procesem budowy i doskonal\u0105c obs\u0142ug\u0119 inwestora.\u00a0<\/p>\n<ul> <li> <p>Monitoring realizacji projektu w czasie rzeczywistym<\/p> <\/li> <li> <p>Informacje o SunRoof<\/p> <\/li> <li> <p>Bezpo\u015brednia komunikacja<\/p> <\/li> <li> <p>Dost\u0119p do dokument\u00f3w<\/p> <\/li> <\/ul>\n<ul> <li> <p>Dane \u201cna \u017cywo\u201d o produkcji energii<\/p> <\/li> <li> <p>Historyczne dane o produkcji energii<\/p> <\/li> <li> <p>FAQ<\/p> <\/li> <li> <p>Dodatkowe us\u0142ugi<\/p> <\/li> <\/ul>\n","_links":{"self":[{"href":"https:\/\/new.sunroof.se\/pl\/wp-json\/wp\/v2\/pages\/2496"}],"collection":[{"href":"https:\/\/new.sunroof.se\/pl\/wp-json\/wp\/v2\/pages"}],"about":[{"href":"https:\/\/new.sunroof.se\/pl\/wp-json\/wp\/v2\/types\/page"}],"author":[{"embeddable":true,"href":"https:\/\/new.sunroof.se\/pl\/wp-json\/wp\/v2\/users\/1"}],"replies":[{"embeddable":true,"href":"https:\/\/new.sunroof.se\/pl\/wp-json\/wp\/v2\/comments?post=2496"}],"version-history":[{"count":73,"href":"https:\/\/new.sunroof.se\/pl\/wp-json\/wp\/v2\/pages\/2496\/revisions"}],"predecessor-version":[{"id":3249,"href":"https:\/\/new.sunroof.se\/pl\/wp-json\/wp\/v2\/pages\/2496\/revisions\/3249"}],"wp:attachment":[{"href":"https:\/\/new.sunroof.se\/pl\/wp-json\/wp\/v2\/media?parent=2496"}],"curies":[{"name":"wp","href":"https:\/\/api.w.org\/{rel}","templated":true}]}}