{"id":615,"date":"2024-06-03T03:27:18","date_gmt":"2024-06-03T01:27:18","guid":{"rendered":"https:\/\/new.sunroof.se\/de\/?page_id=615"},"modified":"2024-09-20T10:30:52","modified_gmt":"2024-09-20T08:30:52","slug":"kontakt","status":"publish","type":"page","link":"https:\/\/new.sunroof.se\/de\/kontakt\/","title":{"rendered":"Kontakt"},"content":{"rendered":"<!--themify_builder_content-->\n<div id=\"themify_builder_content-615\" data-postid=\"615\" class=\"themify_builder_content themify_builder_content-615 themify_builder tf_clear\">\n                    <div  data-lazy=\"1\" class=\"module_row themify_builder_row tb_h661976 tb_first tf_w\">\n                        <div class=\"row_inner col_align_top tb_col_count_2 tf_box tf_rel\">\n                        <div  data-lazy=\"1\" class=\"module_column tb-column col4-2 tb_dpja976 first\">\n                    <!-- module text -->\n<div  class=\"module module-text tb_cmiq976   \" data-lazy=\"1\">\n        <div  class=\"tb_text_wrap\">\n        <div class=\"gb-container gb-container-2b08408c alignfull\">\n<div class=\"gb-container gb-container-690db439\">\n<div class=\"gb-container gb-container-2b37522a\">\n<div class=\"gb-container gb-container-7f8fd74b\">\n<div class=\"gb-container gb-container-6357d5f0\">\n<h1 class=\"gb-container gb-container-04a23e41 alignfull\">Kontaktiere uns<\/h1>\n<\/div>\n<\/div>\n<\/div>\n<\/div>\n<\/div>    <\/div>\n<\/div>\n<!-- \/module text -->        <\/div>\n                    <div  data-lazy=\"1\" class=\"module_column tb-column col4-2 tb_0yzo976 last\">\n                            <\/div>\n                        <\/div>\n        <\/div>\n                        <div  data-lazy=\"1\" class=\"module_row themify_builder_row tb_p5pd402 tf_w\">\n                        <div class=\"row_inner col_align_top tb_col_count_2 tf_box tf_rel\">\n                        <div  data-lazy=\"1\" class=\"module_column tb-column col4-2 tb_txnx402 first\">\n                    <!-- module text -->\n<div  class=\"module module-text tb_00c1402   \" data-lazy=\"1\">\n        <div  class=\"tb_text_wrap\">\n        <div class=\"gb-container gb-container-2b08408c alignfull\">\n<div class=\"gb-container gb-container-690db439\">\n<div class=\"gb-container gb-container-2b37522a\">\n<div class=\"gb-container gb-container-7f8fd74b\">\n<div class=\"gb-container gb-container-6357d5f0\">\n<h2 class=\"gb-container gb-container-04a23e41 alignfull\">Wir sind hier, um Ihre Fragen zu beantworten<\/h2>\n<\/div>\n<\/div>\n<\/div>\n<\/div>\n<\/div>    <\/div>\n<\/div>\n<!-- \/module text -->        <\/div>\n                    <div  data-lazy=\"1\" class=\"module_column tb-column col4-2 tb_v0cz402 last\">\n                    <!-- module text -->\n<div  class=\"module module-text tb_97ed402   \" data-lazy=\"1\">\n        <div  class=\"tb_text_wrap\">\n        <p>Melden Sie sich noch heute und werden Sie Teil unserer Welt der nachhaltigen Energie!<br>Gemeinsam k\u00f6nnen wir einen positiven Einfluss auf den Planeten nehmen.<\/p>    <\/div>\n<\/div>\n<!-- \/module text -->        <\/div>\n                        <\/div>\n        <\/div>\n                        <div  data-lazy=\"1\" class=\"module_row themify_builder_row tb_fee6810 tf_w\">\n                        <div class=\"row_inner col_align_top tb_col_count_1 tf_box tf_rel\">\n                        <div  data-lazy=\"1\" class=\"module_column tb-column col-full tb_09uu810 first\">\n                    <!-- module image -->\n<div  class=\"module module-image tb_j99o810 image-top   tf_mw hide-mobile\" data-lazy=\"1\">\n        <div class=\"image-wrap tf_rel tf_mw\">\n            <img loading=\"lazy\" decoding=\"async\" src=\"https:\/\/new.sunroof.se\/de\/wp-content\/uploads\/2024\/06\/header-contact_1300x600.jpg\" width=\"1300\" height=\"600\" title=\"Kontakt\" alt=\"Kontakt\">    \n        <\/div>\n    <!-- \/image-wrap -->\n    \n        <\/div>\n<!-- \/module image -->        <\/div>\n                        <\/div>\n        <\/div>\n                        <div  data-lazy=\"1\" class=\"module_row themify_builder_row tb_prob260 tf_w hide-desktop hide-tablet hide-tablet_landscape\">\n                        <div class=\"row_inner col_align_top tb_col_count_1 tf_box tf_rel\">\n                        <div  data-lazy=\"1\" class=\"module_column tb-column col-full tb_l9sl260 first\">\n                    <!-- module image -->\n<div  class=\"module module-image tb_iqzh260 image-top   auto_fullwidth tf_mw\" data-lazy=\"1\">\n        <div class=\"image-wrap tf_rel tf_mw\">\n            <img loading=\"lazy\" decoding=\"async\" src=\"https:\/\/new.sunroof.se\/de\/wp-content\/uploads\/2024\/06\/header-contact_mobile_450x460.jpg\" width=\"450\" height=\"460\" title=\"Kontakt\" alt=\"Kontakt\">    \n        <\/div>\n    <!-- \/image-wrap -->\n    \n        <\/div>\n<!-- \/module image -->        <\/div>\n                        <\/div>\n        <\/div>\n                        <div  data-lazy=\"1\" class=\"module_row themify_builder_row tb_vy4u692 tf_w\">\n                        <div class=\"row_inner col_align_top tb_col_count_1 tf_box tf_rel\">\n                        <div  data-lazy=\"1\" class=\"module_column tb-column col-full tb_5ulj692 first\">\n                    <!-- module text -->\n<div  class=\"module module-text tb_huhq692   \" data-lazy=\"1\">\n        <div  class=\"tb_text_wrap\">\n        <div class=\"gb-container gb-container-2b08408c alignfull\">\n<div class=\"gb-container gb-container-690db439\">\n<div class=\"gb-container gb-container-2b37522a\">\n<div class=\"gb-container gb-container-7f8fd74b\">\n<div class=\"gb-container gb-container-6357d5f0\">\n<h2 class=\"gb-container gb-container-04a23e41 alignfull\">Unsere buros<\/h2>\n<div>\u00a0<\/div>\n<\/div>\n<\/div>\n<\/div>\n<\/div>\n<\/div>    <\/div>\n<\/div>\n<!-- \/module text -->        <\/div>\n                        <\/div>\n        <\/div>\n                        <div  data-lazy=\"1\" class=\"module_row themify_builder_row tb_y15e55 tf_w\">\n                        <div class=\"row_inner col_align_top tb_col_count_3 tf_box tf_rel\">\n                        <div  data-lazy=\"1\" class=\"module_column tb-column col3-1 tb_dbh055 first\">\n                    <!-- module text -->\n<div  class=\"module module-text tb_dx5v23   \" data-lazy=\"1\">\n        <div  class=\"tb_text_wrap\">\n        <h3>DEUTSCHLAND\u2028<\/h3>\n<div>SunRoof Germany GmbH\u00a0<\/div>\n<div>Holsteinischer Kamp 37\u00a0<\/div>\n<div>22081 Hamburg\u00a0<\/div>\n<div>\u00a0<\/div>\n<div>+49 1520 9324712<strong><br \/><a href=\"mailto:sunroof-de@sunroof.se\">sunroof-de@sunroof.se<\/a><\/strong><\/div>\n<div>\u00a0<\/div>    <\/div>\n<\/div>\n<!-- \/module text --><!-- module buttons -->\n<div  class=\"module module-buttons tb_fny0689 buttons-horizontal solid  large\" data-lazy=\"1\">\n        <div class=\"module-buttons-item tf_in_flx\">\n                        <a href=\"https:\/\/api.whatsapp.com\/send\/?phone=4915209324712&#038;text&#038;type=phone_number&#038;app_absent=0\" class=\"ui builder_button tf_in_flx transparent\" target=\"_blank\" rel=\"noopener\">\n                                                Chat on WhatsApp                                        <em><svg  class=\"tf_fa tf-fab-square-whatsapp\" xmlns:xlink=\"http:\/\/www.w3.org\/1999\/xlink\" aria-hidden=\"true\"><use href=\"#tf-fab-square-whatsapp\" xlink:href=\"#tf-fab-square-whatsapp\"><\/use><\/svg><\/em>                            <\/a>\n                <\/div>\n            <\/div>\n<!-- \/module buttons -->\n        <\/div>\n                    <div  data-lazy=\"1\" class=\"module_column tb-column col3-1 tb_bbhs55\">\n                    <!-- module text -->\n<div  class=\"module module-text tb_h7j0398   \" data-lazy=\"1\">\n        <div  class=\"tb_text_wrap\">\n        <h3>POLAND<\/h3>\n<div><span style=\"font-size: 1em;\">SunRoof Technology Sp. z o.o.<\/span><\/div>\n<div>ul. Roosevelta 8<\/div>\n<div>90-056 \u0141\u00f3d\u017a<\/div>\n<div>\u00a0<\/div>\n<div>+48 22 123 0111<\/div>\n<div><a href=\"mailto:sunroof@sunroof.se\"><strong>sunroof@sunroof.se<\/strong><\/a><\/div>\n<div><strong>\u00a0<\/strong><\/div>    <\/div>\n<\/div>\n<!-- \/module text -->        <\/div>\n                    <div  data-lazy=\"1\" class=\"module_column tb-column col3-1 tb_56v555 last\">\n                    <!-- module text -->\n<div  class=\"module module-text tb_q1ki936   \" data-lazy=\"1\">\n        <div  class=\"tb_text_wrap\">\n        <h3>SCHWEDEN\u00a0<\/h3>\n<div><span style=\"font-size: 1em;\">SunRoof Sverige AB<\/span><\/div>\n<div>Svarvargatan 6<\/div>\n<div>462 56 V\u00e4nersborg<\/div>\n<div>\u00a0<\/div>\n<div>+46 10 424 86 18<\/div>\n<div><strong><a href=\"mailto:kontakt@sunroof.se\">sweden.service@sunroof.se<\/a><\/strong><\/div>\n<div><strong>\u00a0<\/strong><\/div>\n<div><span style=\"font-size: 1em;\">SunRoof\u00a0International Holding AB<\/span><\/div>\n<div>Svarvargatan 6<\/div>\n<div>462 56 V\u00e4nersborg<\/div>    <\/div>\n<\/div>\n<!-- \/module text -->        <\/div>\n                        <\/div>\n        <\/div>\n                        <div  data-lazy=\"1\" class=\"module_row themify_builder_row tb_d3no667 tf_w\">\n                        <div class=\"row_inner col_align_top tb_col_count_2 tf_box tf_rel\">\n                        <div  data-lazy=\"1\" class=\"module_column tb-column col4-2 tb_jun8667 first\">\n                    <!-- module text -->\n<div  class=\"module module-text tb_omzu667   \" data-lazy=\"1\">\n        <div  class=\"tb_text_wrap\">\n        <div class=\"gb-container gb-container-2b08408c alignfull\">\n<div class=\"gb-container gb-container-690db439\">\n<div class=\"gb-container gb-container-2b37522a\">\n<div class=\"gb-container gb-container-7f8fd74b\">\n<div class=\"gb-container gb-container-6357d5f0\">\n<h2 class=\"gb-container gb-container-04a23e41 alignfull\">In Kontakt kommen<\/h2>\n<\/div>\n<\/div>\n<\/div>\n<\/div>\n<\/div>    <\/div>\n<\/div>\n<!-- \/module text -->        <\/div>\n                    <div  data-lazy=\"1\" class=\"module_column tb-column col4-2 tb_61m8667 last\">\n                            <\/div>\n                        <\/div>\n        <\/div>\n                        <div  data-lazy=\"1\" class=\"module_row themify_builder_row tb_c1lb716 tf_w\">\n                        <div class=\"row_inner col_align_top tb_col_count_1 tf_box tf_rel\">\n                        <div  data-lazy=\"1\" class=\"module_column tb-column col-full tb_acvp716 first\">\n                            <\/div>\n                        <\/div>\n        <\/div>\n                        <div  data-lazy=\"1\" class=\"module_row themify_builder_row tb_h8na944 tf_w\">\n                        <div class=\"row_inner col_align_top tb_col_count_1 tf_box tf_rel\">\n                        <div  data-lazy=\"1\" class=\"module_column tb-column col-full tb_0cax944 first\">\n                    <!-- module plain text -->\n<div  class=\"module module-plain-text tb_i5ns18 \" data-lazy=\"1\">\n        <div class=\"tb_text_wrap\">\n    <div data-form-block-id=\"0e407a88-e4b0-ec11-9840-000d3adb516b\"><\/div>    <\/div>\n<\/div>\n<!-- \/module plain text -->        <\/div>\n                        <\/div>\n        <\/div>\n        <\/div>\n<!--\/themify_builder_content-->","protected":false},"excerpt":{"rendered":"<p>Kontaktiere uns<\/p>\n","protected":false},"author":1,"featured_media":0,"parent":0,"menu_order":0,"comment_status":"closed","ping_status":"closed","template":"","meta":{"_acf_changed":false,"inline_featured_image":false,"footnotes":""},"acf":[],"builder_content":"<h1>Kontaktiere uns<\/h1>\n<h2>Wir sind hier, um Ihre Fragen zu beantworten<\/h2>\n<p>Melden Sie sich noch heute und werden Sie Teil unserer Welt der nachhaltigen Energie!<br>Gemeinsam k\u00f6nnen wir einen positiven Einfluss auf den Planeten nehmen.<\/p>\n<img src=\"https:\/\/new.sunroof.se\/de\/wp-content\/uploads\/2024\/06\/header-contact_1300x600.jpg\" width=\"1300\" height=\"600\" title=\"Kontakt\" alt=\"Kontakt\">\n<img src=\"https:\/\/new.sunroof.se\/de\/wp-content\/uploads\/2024\/06\/header-contact_mobile_450x460.jpg\" width=\"450\" height=\"460\" title=\"Kontakt\" alt=\"Kontakt\">\n<h2>Unsere buros<\/h2> \u00a0\n<h3>DEUTSCHLAND\u2028<\/h3> SunRoof Germany GmbH\u00a0 Holsteinischer Kamp 37\u00a0 22081 Hamburg\u00a0 \u00a0 +49 1520 9324712<strong><br \/><a href=\"mailto:sunroof-de@sunroof.se\">sunroof-de@sunroof.se<\/a><\/strong> \u00a0\n<a href=\"https:\/\/api.whatsapp.com\/send\/?phone=4915209324712&#038;text&#038;type=phone_number&#038;app_absent=0\" target=\"_blank\" rel=\"noopener\"> Chat on WhatsApp <em><svg xmlns:xlink=\"http:\/\/www.w3.org\/1999\/xlink\" aria-hidden=\"true\"><use href=\"#tf-fab-square-whatsapp\" xlink:href=\"#tf-fab-square-whatsapp\"><\/use><\/svg><\/em> <\/a>\n<h3>POLAND<\/h3> SunRoof Technology Sp. z o.o. ul. Roosevelta 8 90-056 \u0141\u00f3d\u017a \u00a0 +48 22 123 0111 <a href=\"mailto:sunroof@sunroof.se\"><strong>sunroof@sunroof.se<\/strong><\/a> <strong>\u00a0<\/strong>\n<h3>SCHWEDEN\u00a0<\/h3> SunRoof Sverige AB Svarvargatan 6 462 56 V\u00e4nersborg \u00a0 +46 10 424 86 18 <strong><a href=\"mailto:kontakt@sunroof.se\">sweden.service@sunroof.se<\/a><\/strong> <strong>\u00a0<\/strong> SunRoof\u00a0International Holding AB Svarvargatan 6 462 56 V\u00e4nersborg\n<h2>In Kontakt kommen<\/h2>\n","_links":{"self":[{"href":"https:\/\/new.sunroof.se\/de\/wp-json\/wp\/v2\/pages\/615"}],"collection":[{"href":"https:\/\/new.sunroof.se\/de\/wp-json\/wp\/v2\/pages"}],"about":[{"href":"https:\/\/new.sunroof.se\/de\/wp-json\/wp\/v2\/types\/page"}],"author":[{"embeddable":true,"href":"https:\/\/new.sunroof.se\/de\/wp-json\/wp\/v2\/users\/1"}],"replies":[{"embeddable":true,"href":"https:\/\/new.sunroof.se\/de\/wp-json\/wp\/v2\/comments?post=615"}],"version-history":[{"count":351,"href":"https:\/\/new.sunroof.se\/de\/wp-json\/wp\/v2\/pages\/615\/revisions"}],"predecessor-version":[{"id":3440,"href":"https:\/\/new.sunroof.se\/de\/wp-json\/wp\/v2\/pages\/615\/revisions\/3440"}],"wp:attachment":[{"href":"https:\/\/new.sunroof.se\/de\/wp-json\/wp\/v2\/media?parent=615"}],"curies":[{"name":"wp","href":"https:\/\/api.w.org\/{rel}","templated":true}]}}