{"id":2496,"date":"2024-06-10T12:56:14","date_gmt":"2024-06-10T10:56:14","guid":{"rendered":"https:\/\/new.sunroof.se\/de\/?page_id=2496"},"modified":"2024-06-11T22:04:01","modified_gmt":"2024-06-11T20:04:01","slug":"my-sunroof","status":"publish","type":"page","link":"https:\/\/new.sunroof.se\/de\/my-sunroof\/","title":{"rendered":"My.SunRoof"},"content":{"rendered":"<!--themify_builder_content-->\n<div id=\"themify_builder_content-2496\" data-postid=\"2496\" class=\"themify_builder_content themify_builder_content-2496 themify_builder tf_clear\">\n                    <div  data-lazy=\"1\" class=\"module_row themify_builder_row tb_abp1817 tb_first tf_w\">\n                        <div class=\"row_inner col_align_top tb_col_count_2 tf_box tf_rel\">\n                        <div  data-lazy=\"1\" class=\"module_column tb-column col4-2 tb_ibid817 first\">\n                    <!-- module text -->\n<div  class=\"module module-text tb_aufe817   \" data-lazy=\"1\">\n        <div  class=\"tb_text_wrap\">\n        <div class=\"gb-container gb-container-2b08408c alignfull\">\n<div class=\"gb-container gb-container-690db439\">\n<div class=\"gb-container gb-container-2b37522a\">\n<div class=\"gb-container gb-container-7f8fd74b\">\n<div class=\"gb-container gb-container-6357d5f0\">\n<h1 class=\"gb-container gb-container-04a23e41 alignfull\"><span style=\"letter-spacing: normal; white-space: pre-wrap; caret-color: #000000; color: #000000;\">My.SunRoof app<\/span><\/h1>\n<\/div>\n<\/div>\n<\/div>\n<\/div>\n<\/div>    <\/div>\n<\/div>\n<!-- \/module text -->        <\/div>\n                    <div  data-lazy=\"1\" class=\"module_column tb-column col4-2 tb_gxfq817 last\">\n                            <\/div>\n                        <\/div>\n        <\/div>\n                        <div  data-lazy=\"1\" class=\"module_row themify_builder_row tb_nk6j751 tf_w\">\n                        <div class=\"row_inner col_align_top tb_col_count_2 tf_box tf_rel\">\n                        <div  data-lazy=\"1\" class=\"module_column tb-column col4-2 tb_2ncc751 first\">\n                    <!-- module text -->\n<div  class=\"module module-text tb_p9nt789   \" data-lazy=\"1\">\n        <div  class=\"tb_text_wrap\">\n        <div class=\"gb-container gb-container-2b08408c alignfull\">\n<div class=\"gb-container gb-container-690db439\">\n<div class=\"gb-container gb-container-2b37522a\">\n<div class=\"gb-container gb-container-7f8fd74b\">\n<div class=\"gb-container gb-container-6357d5f0\">\n<h2 class=\"gb-container gb-container-04a23e41 alignfull\">Alles zu Ihrer Solar-Installation auf einer einzigen, benutzerfreundlichen Plattform.<\/h2>\n<\/div>\n<\/div>\n<\/div>\n<\/div>\n<\/div>    <\/div>\n<\/div>\n<!-- \/module text -->        <\/div>\n                    <div  data-lazy=\"1\" class=\"module_column tb-column col4-2 tb_7ynu751 last\">\n                    <!-- module text -->\n<div  class=\"module module-text tb_c3k4751   \" data-lazy=\"1\">\n        <div  class=\"tb_text_wrap\">\n        <p>Jetzt mit \u00f6ko-freundlichen und nachhaltigen Energiel\u00f6sung Ihren Alltag erleichtern!<\/p>\n<p><span style=\"white-space: pre-wrap; caret-color: #000000; color: #000000;\">\u00d6ffnen Sie den Link im <strong><a style=\"color: #000000; font-weight: bold; text-decoration: underline;\" href=\"https:\/\/my.sunroof.se\/auth\/login\/\">browser<\/a><\/strong>, laden Sie unsere App aus dem App Store oder Google Play herunter und erhalten Sie jetzt Ihren pers\u00f6nlichen Zugang! <\/span><\/p>    <\/div>\n<\/div>\n<!-- \/module text -->        <div  data-lazy=\"1\" class=\"module_subrow themify_builder_sub_row tf_w col_align_top tb_col_count_2 tb_m04y233\">\n                <div  data-lazy=\"1\" class=\"module_column sub_column col4-2 tb_c9xs233 first\">\n                    <!-- module image -->\n<div  class=\"module module-image tb_kirc987 image-top   tf_mw\" data-lazy=\"1\">\n        <div class=\"image-wrap tf_rel tf_mw\">\n            <a href=\"https:\/\/www.google.com\/url?sa=t&#038;source=web&#038;rct=j&#038;opi=89978449&#038;url=https:\/\/apps.apple.com\/se\/app\/my-sunroof\/id6472328172&#038;ved=2ahUKEwjc6P6g_9CGAxUJLhAIHQnIAPoQFnoECBUQAQ&#038;usg=AOvVaw1iPm3wKcrASdLpQvQoxFSX\">\n                   <img loading=\"lazy\" decoding=\"async\" src=\"https:\/\/new.sunroof.se\/de\/wp-content\/uploads\/2024\/06\/download_AppStore.png\" width=\"205\" height=\"60\" title=\"My.SunRoof\" alt=\"My.SunRoof\">        <\/a>\n    \n        <\/div>\n    <!-- \/image-wrap -->\n    \n        <\/div>\n<!-- \/module image -->        <\/div>\n                    <div  data-lazy=\"1\" class=\"module_column sub_column col4-2 tb_5bq2233 last\">\n                    <!-- module image -->\n<div  class=\"module module-image tb_8mjm400 image-top   tf_mw\" data-lazy=\"1\">\n        <div class=\"image-wrap tf_rel tf_mw\">\n            <a href=\"https:\/\/play.google.com\/store\/apps\/details?id=se.sunroof.my&#038;hl=en_GB&#038;pli=1\">\n                   <img loading=\"lazy\" decoding=\"async\" src=\"https:\/\/new.sunroof.se\/de\/wp-content\/uploads\/2024\/06\/download_GooglePlay.png\" width=\"205\" height=\"59\" title=\"My.SunRoof\" alt=\"My.SunRoof\">        <\/a>\n    \n        <\/div>\n    <!-- \/image-wrap -->\n    \n        <\/div>\n<!-- \/module image -->        <\/div>\n                    <\/div>\n                <\/div>\n                        <\/div>\n        <\/div>\n                        <div  data-lazy=\"1\" class=\"module_row themify_builder_row tb_uywx569 tf_w hide-mobile\">\n                        <div class=\"row_inner col_align_top tb_col_count_1 tf_box tf_rel\">\n                        <div  data-lazy=\"1\" class=\"module_column tb-column col-full tb_lvpy569 first\">\n                    <!-- module image -->\n<div  class=\"module module-image tb_sw1y569 image-top   tf_mw\" data-lazy=\"1\">\n        <div class=\"image-wrap tf_rel tf_mw\">\n            <img loading=\"lazy\" decoding=\"async\" src=\"https:\/\/new.sunroof.se\/de\/wp-content\/uploads\/2024\/06\/header-mysunroof_1300x600.jpg\" width=\"1300\" height=\"600\" title=\"My.SunRoof\" alt=\"My.SunRoof\">    \n        <\/div>\n    <!-- \/image-wrap -->\n    \n        <\/div>\n<!-- \/module image -->        <\/div>\n                        <\/div>\n        <\/div>\n                        <div  data-lazy=\"1\" class=\"module_row themify_builder_row tb_r5w2919 tf_w hide-desktop hide-tablet hide-tablet_landscape\">\n                        <div class=\"row_inner col_align_top tb_col_count_1 tf_box tf_rel\">\n                        <div  data-lazy=\"1\" class=\"module_column tb-column col-full tb_wqy8919 first\">\n                    <!-- module image -->\n<div  class=\"module module-image tb_8slq919 image-top   auto_fullwidth tf_mw\" data-lazy=\"1\">\n        <div class=\"image-wrap tf_rel tf_mw\">\n            <a href=\"https:\/\/www.youtube.com\/watch?v=CGgD2aTr11o\" class=\"lightbox-builder themify_lightbox\" data-zoom-config=\"90%|90%\">\n                   <img loading=\"lazy\" decoding=\"async\" src=\"https:\/\/new.sunroof.se\/de\/wp-content\/uploads\/2024\/06\/header-mysunroof_1300x600.jpg\" width=\"1300\" height=\"600\" title=\"My.SunRoof\" alt=\"My.SunRoof\">        <\/a>\n    \n        <\/div>\n    <!-- \/image-wrap -->\n    \n        <\/div>\n<!-- \/module image -->        <\/div>\n                        <\/div>\n        <\/div>\n                        <div  data-lazy=\"1\" class=\"module_row themify_builder_row tb_a0j5354 tf_w\">\n                        <div class=\"row_inner col_align_top tb_col_count_2 tf_box tf_rel\">\n                        <div  data-lazy=\"1\" class=\"module_column tb-column col4-2 tb_igto965 first\">\n                    <!-- module text -->\n<div  class=\"module module-text tb_wuig343   \" data-lazy=\"1\">\n        <div  class=\"tb_text_wrap\">\n        <div class=\"gb-container gb-container-2b08408c alignfull\">\n<div class=\"gb-container gb-container-690db439\">\n<div class=\"gb-container gb-container-2b37522a\">\n<div class=\"gb-container gb-container-7f8fd74b\">\n<div class=\"gb-container gb-container-6357d5f0\">\n<h2 class=\"gb-container gb-container-04a23e41 alignfull\">SunRoof bietet seinen Kunden eine erstklassige Erfahrung mit erneuerbarer Energie<\/h2>\n<\/div>\n<\/div>\n<\/div>\n<\/div>\n<\/div>    <\/div>\n<\/div>\n<!-- \/module text -->        <\/div>\n                    <div  data-lazy=\"1\" class=\"module_column tb-column col4-2 tb_lphr200 last\">\n                    <!-- module text -->\n<div  class=\"module module-text tb_fuel200   \" data-lazy=\"1\">\n        <div  class=\"tb_text_wrap\">\n        <p>Wir verstehen, dass Kommunikation und Transparenz entscheidende Faktoren f\u00fcr die Kundenzufriedenheit sind. Aus diesem Grund haben wir My.SunRoof eingef\u00fchrt, ein innovatives All-in-One-Portal, das die Art und Weise revolutioniert, wie unsere Kunden mit uns interagieren.<\/p>    <\/div>\n<\/div>\n<!-- \/module text -->        <\/div>\n                        <\/div>\n        <\/div>\n                        <div  data-lazy=\"1\" class=\"module_row themify_builder_row tb_6d4o208 tf_w hide-mobile\">\n                        <div class=\"row_inner col_align_top tb_col_count_1 tf_box tf_rel\">\n                        <div  data-lazy=\"1\" class=\"module_column tb-column col-full tb_caz9208 first\">\n                    <!-- module image -->\n<div  class=\"module module-image tb_ovp6208 image-top   tf_mw\" data-lazy=\"1\">\n        <div class=\"image-wrap tf_rel tf_mw\">\n            <img loading=\"lazy\" decoding=\"async\" src=\"https:\/\/new.sunroof.se\/de\/wp-content\/uploads\/2024\/06\/header-mysunroof2_1300x600.jpg\" width=\"1300\" height=\"600\" title=\"My.SunRoof\" alt=\"My.SunRoof\">    \n        <\/div>\n    <!-- \/image-wrap -->\n    \n        <\/div>\n<!-- \/module image -->        <\/div>\n                        <\/div>\n        <\/div>\n                        <div  data-lazy=\"1\" class=\"module_row themify_builder_row tb_fdvd699 tf_w hide-desktop hide-tablet hide-tablet_landscape\">\n                        <div class=\"row_inner col_align_top tb_col_count_1 tf_box tf_rel\">\n                        <div  data-lazy=\"1\" class=\"module_column tb-column col-full tb_m511699 first\">\n                    <!-- module image -->\n<div  class=\"module module-image tb_6qlp699 image-top   auto_fullwidth tf_mw\" data-lazy=\"1\">\n        <div class=\"image-wrap tf_rel tf_mw\">\n            <img loading=\"lazy\" decoding=\"async\" src=\"https:\/\/new.sunroof.se\/de\/wp-content\/uploads\/2024\/06\/header-mysunroof2_mobile_450x460.jpg\" width=\"450\" height=\"460\" title=\"My.SunRoof\" alt=\"My.SunRoof\">    \n        <\/div>\n    <!-- \/image-wrap -->\n    \n        <\/div>\n<!-- \/module image -->        <\/div>\n                        <\/div>\n        <\/div>\n                        <div  data-lazy=\"1\" class=\"module_row themify_builder_row tb_vlov923 tf_w\">\n                        <div class=\"row_inner col_align_top tb_col_count_2 tf_box tf_rel\">\n                        <div  data-lazy=\"1\" class=\"module_column tb-column col4-2 tb_58ew923 first\">\n                    <!-- module text -->\n<div  class=\"module module-text tb_23e7923   \" data-lazy=\"1\">\n        <div  class=\"tb_text_wrap\">\n        <div class=\"gb-container gb-container-2b08408c alignfull\">\n<div class=\"gb-container gb-container-690db439\">\n<div class=\"gb-container gb-container-2b37522a\">\n<div class=\"gb-container gb-container-7f8fd74b\">\n<div class=\"gb-container gb-container-6357d5f0\">\n<h2 class=\"gb-container gb-container-04a23e41 alignfull\">Hauptfunktionen von My.SunRoof<\/h2>\n<\/div>\n<\/div>\n<\/div>\n<\/div>\n<\/div>    <\/div>\n<\/div>\n<!-- \/module text -->        <\/div>\n                    <div  data-lazy=\"1\" class=\"module_column tb-column col4-2 tb_hadf923 last\">\n                    <!-- module text -->\n<div  class=\"module module-text tb_3c79923   \" data-lazy=\"1\">\n        <div  class=\"tb_text_wrap\">\n        <p>My.SunRoof wurde entwickelt, um sich den Bed\u00fcrfnissen unserer Kunden und die Fortschritte in der Branche voranzuf\u00fchren. W\u00e4hrend das SunRoof-Team den Dienst weiter verbessert, k\u00f6nnen Kunden weitere Funktionen wie \u00dcbergabedokumentation, Rechnungserstellung und virtuellen Programme erwarten.<\/p>    <\/div>\n<\/div>\n<!-- \/module text -->        <\/div>\n                        <\/div>\n        <\/div>\n                        <div  data-lazy=\"1\" class=\"module_row themify_builder_row tb_6y2v795 tf_w\">\n                        <div class=\"row_inner col_align_top tb_col_count_2 tf_box tf_rel\">\n                        <div  data-lazy=\"1\" class=\"module_column tb-column col4-2 tb_eumb795 first\">\n                    <!-- module text -->\n<div  class=\"module module-text tb_fu3y572   \" data-lazy=\"1\">\n        <div  class=\"tb_text_wrap\">\n        <ul>\n<li>Echtzeit-Projekt-Tracking<\/li>\n<li>SunRoof Informationen<\/li>\n<li>Kommunikation<\/li>\n<li>Dokumente<\/li>\n<\/ul>    <\/div>\n<\/div>\n<!-- \/module text -->        <\/div>\n                    <div  data-lazy=\"1\" class=\"module_column tb-column col4-2 tb_zfl4796 last\">\n                    <!-- module text -->\n<div  class=\"module module-text tb_opjb498   \" data-lazy=\"1\">\n        <div  class=\"tb_text_wrap\">\n        <ul>\n<li>Live-Daten Ihrer Energieerzeugung<\/li>\n<li>Historische Ansichten der Energieerzeugung<\/li>\n<li>FAQs<\/li>\n<li>Zus\u00e4tzliche Dienstleistungen<\/li>\n<\/ul>    <\/div>\n<\/div>\n<!-- \/module text -->        <\/div>\n                        <\/div>\n        <\/div>\n                        <div  data-lazy=\"1\" class=\"module_row themify_builder_row tb_b952873 tf_w\">\n                        <div class=\"row_inner col_align_top tb_col_count_2 tf_box tf_rel\">\n                        <div  data-lazy=\"1\" class=\"module_column tb-column col4-2 tb_r8ck873 first\">\n                            <\/div>\n                    <div  data-lazy=\"1\" class=\"module_column tb-column col4-2 tb_9sm7873 last\">\n                    <!-- module text -->\n<div  class=\"module module-text tb_xas4873   \" data-lazy=\"1\">\n        <div  class=\"tb_text_wrap\">\n            <\/div>\n<\/div>\n<!-- \/module text -->        <\/div>\n                        <\/div>\n        <\/div>\n        <\/div>\n<!--\/themify_builder_content-->","protected":false},"excerpt":{"rendered":"<p>My.SunRoof app<\/p>\n","protected":false},"author":1,"featured_media":0,"parent":0,"menu_order":0,"comment_status":"closed","ping_status":"closed","template":"","meta":{"_acf_changed":false,"inline_featured_image":false,"footnotes":""},"acf":[],"builder_content":"<h1>My.SunRoof app<\/h1>\n<h2>Alles zu Ihrer Solar-Installation auf einer einzigen, benutzerfreundlichen Plattform.<\/h2>\n<p>Jetzt mit \u00f6ko-freundlichen und nachhaltigen Energiel\u00f6sung Ihren Alltag erleichtern!<\/p> <p>\u00d6ffnen Sie den Link im <strong><a style=\"color: #000000; font-weight: bold; text-decoration: underline;\" href=\"https:\/\/my.sunroof.se\/auth\/login\/\">browser<\/a><\/strong>, laden Sie unsere App aus dem App Store oder Google Play herunter und erhalten Sie jetzt Ihren pers\u00f6nlichen Zugang! <\/p>\n<a href=\"https:\/\/www.google.com\/url?sa=t&#038;source=web&#038;rct=j&#038;opi=89978449&#038;url=https:\/\/apps.apple.com\/se\/app\/my-sunroof\/id6472328172&#038;ved=2ahUKEwjc6P6g_9CGAxUJLhAIHQnIAPoQFnoECBUQAQ&#038;usg=AOvVaw1iPm3wKcrASdLpQvQoxFSX\"> <img src=\"https:\/\/new.sunroof.se\/de\/wp-content\/uploads\/2024\/06\/download_AppStore.png\" width=\"205\" height=\"60\" title=\"My.SunRoof\" alt=\"My.SunRoof\"> <\/a>\n<a href=\"https:\/\/play.google.com\/store\/apps\/details?id=se.sunroof.my&#038;hl=en_GB&#038;pli=1\"> <img src=\"https:\/\/new.sunroof.se\/de\/wp-content\/uploads\/2024\/06\/download_GooglePlay.png\" width=\"205\" height=\"59\" title=\"My.SunRoof\" alt=\"My.SunRoof\"> <\/a>\n<img src=\"https:\/\/new.sunroof.se\/de\/wp-content\/uploads\/2024\/06\/header-mysunroof_1300x600.jpg\" width=\"1300\" height=\"600\" title=\"My.SunRoof\" alt=\"My.SunRoof\">\n<a href=\"https:\/\/www.youtube.com\/watch?v=CGgD2aTr11o\" data-zoom-config=\"90%|90%\"> <img src=\"https:\/\/new.sunroof.se\/de\/wp-content\/uploads\/2024\/06\/header-mysunroof_1300x600.jpg\" width=\"1300\" height=\"600\" title=\"My.SunRoof\" alt=\"My.SunRoof\"> <\/a>\n<h2>SunRoof bietet seinen Kunden eine erstklassige Erfahrung mit erneuerbarer Energie<\/h2>\n<p>Wir verstehen, dass Kommunikation und Transparenz entscheidende Faktoren f\u00fcr die Kundenzufriedenheit sind. Aus diesem Grund haben wir My.SunRoof eingef\u00fchrt, ein innovatives All-in-One-Portal, das die Art und Weise revolutioniert, wie unsere Kunden mit uns interagieren.<\/p>\n<img src=\"https:\/\/new.sunroof.se\/de\/wp-content\/uploads\/2024\/06\/header-mysunroof2_1300x600.jpg\" width=\"1300\" height=\"600\" title=\"My.SunRoof\" alt=\"My.SunRoof\">\n<img src=\"https:\/\/new.sunroof.se\/de\/wp-content\/uploads\/2024\/06\/header-mysunroof2_mobile_450x460.jpg\" width=\"450\" height=\"460\" title=\"My.SunRoof\" alt=\"My.SunRoof\">\n<h2>Hauptfunktionen von My.SunRoof<\/h2>\n<p>My.SunRoof wurde entwickelt, um sich den Bed\u00fcrfnissen unserer Kunden und die Fortschritte in der Branche voranzuf\u00fchren. W\u00e4hrend das SunRoof-Team den Dienst weiter verbessert, k\u00f6nnen Kunden weitere Funktionen wie \u00dcbergabedokumentation, Rechnungserstellung und virtuellen Programme erwarten.<\/p>\n<ul> <li>Echtzeit-Projekt-Tracking<\/li> <li>SunRoof Informationen<\/li> <li>Kommunikation<\/li> <li>Dokumente<\/li> <\/ul>\n<ul> <li>Live-Daten Ihrer Energieerzeugung<\/li> <li>Historische Ansichten der Energieerzeugung<\/li> <li>FAQs<\/li> <li>Zus\u00e4tzliche Dienstleistungen<\/li> <\/ul>\n","_links":{"self":[{"href":"https:\/\/new.sunroof.se\/de\/wp-json\/wp\/v2\/pages\/2496"}],"collection":[{"href":"https:\/\/new.sunroof.se\/de\/wp-json\/wp\/v2\/pages"}],"about":[{"href":"https:\/\/new.sunroof.se\/de\/wp-json\/wp\/v2\/types\/page"}],"author":[{"embeddable":true,"href":"https:\/\/new.sunroof.se\/de\/wp-json\/wp\/v2\/users\/1"}],"replies":[{"embeddable":true,"href":"https:\/\/new.sunroof.se\/de\/wp-json\/wp\/v2\/comments?post=2496"}],"version-history":[{"count":74,"href":"https:\/\/new.sunroof.se\/de\/wp-json\/wp\/v2\/pages\/2496\/revisions"}],"predecessor-version":[{"id":3022,"href":"https:\/\/new.sunroof.se\/de\/wp-json\/wp\/v2\/pages\/2496\/revisions\/3022"}],"wp:attachment":[{"href":"https:\/\/new.sunroof.se\/de\/wp-json\/wp\/v2\/media?parent=2496"}],"curies":[{"name":"wp","href":"https:\/\/api.w.org\/{rel}","templated":true}]}}