{"id":2196,"date":"2024-06-09T14:44:16","date_gmt":"2024-06-09T12:44:16","guid":{"rendered":"https:\/\/new.sunroof.se\/de\/?page_id=2196"},"modified":"2024-06-11T23:51:09","modified_gmt":"2024-06-11T21:51:09","slug":"karriere","status":"publish","type":"page","link":"https:\/\/new.sunroof.se\/de\/karriere\/","title":{"rendered":"Karriere"},"content":{"rendered":"<!--themify_builder_content-->\n<div id=\"themify_builder_content-2196\" data-postid=\"2196\" class=\"themify_builder_content themify_builder_content-2196 themify_builder tf_clear\">\n                    <div  data-lazy=\"1\" class=\"module_row themify_builder_row tb_abp1817 tb_first tf_w\">\n                        <div class=\"row_inner col_align_top tb_col_count_2 tf_box tf_rel\">\n                        <div  data-lazy=\"1\" class=\"module_column tb-column col4-2 tb_ibid817 first\">\n                    <!-- module text -->\n<div  class=\"module module-text tb_aufe817   \" data-lazy=\"1\">\n        <div  class=\"tb_text_wrap\">\n        <div class=\"gb-container gb-container-2b08408c alignfull\">\n<div class=\"gb-container gb-container-690db439\">\n<div class=\"gb-container gb-container-2b37522a\">\n<div class=\"gb-container gb-container-7f8fd74b\">\n<div class=\"gb-container gb-container-6357d5f0\">\n<h1 class=\"gb-container gb-container-04a23e41 alignfull\">Karriere<\/h1>\n<\/div>\n<\/div>\n<\/div>\n<\/div>\n<\/div>    <\/div>\n<\/div>\n<!-- \/module text -->        <\/div>\n                    <div  data-lazy=\"1\" class=\"module_column tb-column col4-2 tb_gxfq817 last\">\n                            <\/div>\n                        <\/div>\n        <\/div>\n                        <div  data-lazy=\"1\" class=\"module_row themify_builder_row tb_nk6j751 tf_w\">\n                        <div class=\"row_inner col_align_top tb_col_count_2 tf_box tf_rel\">\n                        <div  data-lazy=\"1\" class=\"module_column tb-column col4-2 tb_2ncc751 first\">\n                    <!-- module text -->\n<div  class=\"module module-text tb_bh97751   \" data-lazy=\"1\">\n        <div  class=\"tb_text_wrap\">\n        <div class=\"gb-container gb-container-2b08408c alignfull\">\n<div class=\"gb-container gb-container-690db439\">\n<div class=\"gb-container gb-container-2b37522a\">\n<div class=\"gb-container gb-container-7f8fd74b\">\n<div class=\"gb-container gb-container-6357d5f0\">\n<h2 class=\"gb-container gb-container-04a23e41 alignfull\">Werden Sie Teil der SunRoof-Welt<\/h2>\n<\/div>\n<\/div>\n<\/div>\n<\/div>\n<\/div>    <\/div>\n<\/div>\n<!-- \/module text -->        <\/div>\n                    <div  data-lazy=\"1\" class=\"module_column tb-column col4-2 tb_7ynu751 last\">\n                    <!-- module text -->\n<div  class=\"module module-text tb_c3k4751   \" data-lazy=\"1\">\n        <div  class=\"tb_text_wrap\">\n        <p>Werden Sie Teil eines internationalen Unternehmens und beschleunigen Sie gemeinsam mit den mutigsten Innovatoren und Experten der technologischen Revolution den weltweiten \u00dcbergang zu nachhaltiger Energie. Seien Sie auf Augenh\u00f6he mit den Besten und Ehrgeizigsten. Wir m\u00f6gen keine Kompromisse \u2013 unsere L\u00f6sungen, unsere Unternehmenskultur und unser Team sind eine Garantie f\u00fcr Qualit\u00e4t. SunRoof sind Menschen voller Leidenschaft und Streben, gr\u00fcne Energie sowie einen Lebensstil zu verbreiten, der nat\u00fcrliche Ressourcen respektiert.<\/p>    <\/div>\n<\/div>\n<!-- \/module text -->        <\/div>\n                        <\/div>\n        <\/div>\n                        <div  data-lazy=\"1\" class=\"module_row themify_builder_row tb_uywx569 tf_w hide-mobile\">\n                        <div class=\"row_inner col_align_top tb_col_count_1 tf_box tf_rel\">\n                        <div  data-lazy=\"1\" class=\"module_column tb-column col-full tb_lvpy569 first\">\n                    <!-- module image -->\n<div  class=\"module module-image tb_sw1y569 image-top   tf_mw\" data-lazy=\"1\">\n        <div class=\"image-wrap tf_rel tf_mw\">\n            <img loading=\"lazy\" decoding=\"async\" src=\"https:\/\/new.sunroof.se\/de\/wp-content\/uploads\/2024\/06\/desktop-career_1300x600_v2.jpg\" width=\"1300\" height=\"600\" title=\"Karriere\" alt=\"Karriere\">    \n        <\/div>\n    <!-- \/image-wrap -->\n    \n        <\/div>\n<!-- \/module image -->        <\/div>\n                        <\/div>\n        <\/div>\n                        <div  data-lazy=\"1\" class=\"module_row themify_builder_row tb_r5w2919 tf_w hide-desktop hide-tablet hide-tablet_landscape\">\n                        <div class=\"row_inner col_align_top tb_col_count_1 tf_box tf_rel\">\n                        <div  data-lazy=\"1\" class=\"module_column tb-column col-full tb_wqy8919 first\">\n                    <!-- module image -->\n<div  class=\"module module-image tb_8slq919 image-top   auto_fullwidth tf_mw\" data-lazy=\"1\">\n        <div class=\"image-wrap tf_rel tf_mw\">\n            <a href=\"https:\/\/www.youtube.com\/watch?v=CGgD2aTr11o\" class=\"lightbox-builder themify_lightbox\" data-zoom-config=\"90%|90%\">\n                   <img loading=\"lazy\" decoding=\"async\" src=\"https:\/\/new.sunroof.se\/de\/wp-content\/uploads\/2024\/06\/mobile-career_450x460.jpg\" width=\"450\" height=\"460\" title=\"Karriere\" alt=\"Karriere\">        <\/a>\n    \n        <\/div>\n    <!-- \/image-wrap -->\n    \n        <\/div>\n<!-- \/module image -->        <\/div>\n                        <\/div>\n        <\/div>\n                        <div  data-lazy=\"1\" class=\"module_row themify_builder_row tb_a0j5354 tf_w\">\n                        <div class=\"row_inner col_align_top tb_col_count_2 tf_box tf_rel\">\n                        <div  data-lazy=\"1\" class=\"module_column tb-column col4-2 tb_t22w354 first\">\n                    <!-- module text -->\n<div  class=\"module module-text tb_vj0e354   \" data-lazy=\"1\">\n        <div  class=\"tb_text_wrap\">\n        <div class=\"gb-container gb-container-2b08408c alignfull\">\n<div class=\"gb-container gb-container-690db439\">\n<div class=\"gb-container gb-container-2b37522a\">\n<div class=\"gb-container gb-container-7f8fd74b\">\n<div class=\"gb-container gb-container-6357d5f0\">\n<h2 class=\"gb-container gb-container-04a23e41 alignfull\">Werden Sie Teil unserer Leidenschaft f\u00fcr Innovationen<\/h2>\n<\/div>\n<\/div>\n<\/div>\n<\/div>\n<\/div>    <\/div>\n<\/div>\n<!-- \/module text -->        <\/div>\n                    <div  data-lazy=\"1\" class=\"module_column tb-column col4-2 tb_ziib354 last\">\n                    <!-- module text -->\n<div  class=\"module module-text tb_dcvt354   \" data-lazy=\"1\">\n        <div  class=\"tb_text_wrap\">\n        <p>Entdecken Sie die Geschichten unseres Teams und sehen Sie, wie wir Tr\u00e4ume wahr werden lassen. Kommen Sie zu SunRoof und arbeiten Sie mit uns an Projekten, die die Welt ver\u00e4ndern.<\/p>    <\/div>\n<\/div>\n<!-- \/module text -->        <\/div>\n                        <\/div>\n        <\/div>\n                        <div  data-lazy=\"1\" class=\"module_row themify_builder_row tb_6d4o208 tf_w hide-mobile\">\n                        <div class=\"row_inner col_align_top tb_col_count_1 tf_box tf_rel\">\n                        <div  data-lazy=\"1\" class=\"module_column tb-column col-full tb_caz9208 first\">\n                    <!-- module image -->\n<div  class=\"module module-image tb_ovp6208 image-top   tf_mw\" data-lazy=\"1\">\n        <div class=\"image-wrap tf_rel tf_mw\">\n            <a href=\"https:\/\/www.youtube.com\/watch?v=Yr-MH60c778\" class=\"lightbox-builder themify_lightbox\">\n                   <img loading=\"lazy\" decoding=\"async\" src=\"https:\/\/new.sunroof.se\/de\/wp-content\/uploads\/2024\/06\/wideo-career_1300x600.jpg\" width=\"1300\" height=\"600\" title=\"Karriere\" alt=\"Karriere\">        <\/a>\n    \n        <\/div>\n    <!-- \/image-wrap -->\n    \n        <\/div>\n<!-- \/module image -->        <\/div>\n                        <\/div>\n        <\/div>\n                        <div  data-lazy=\"1\" class=\"module_row themify_builder_row tb_fdvd699 tf_w hide-desktop hide-tablet hide-tablet_landscape\">\n                        <div class=\"row_inner col_align_top tb_col_count_1 tf_box tf_rel\">\n                        <div  data-lazy=\"1\" class=\"module_column tb-column col-full tb_m511699 first\">\n                    <!-- module image -->\n<div  class=\"module module-image tb_6qlp699 image-top   auto_fullwidth tf_mw\" data-lazy=\"1\">\n        <div class=\"image-wrap tf_rel tf_mw\">\n            <a href=\"https:\/\/www.youtube.com\/watch?v=Yr-MH60c778\">\n                   <img loading=\"lazy\" decoding=\"async\" src=\"https:\/\/new.sunroof.se\/de\/wp-content\/uploads\/2024\/06\/wideo_mobile_450x460-2.jpg\" width=\"450\" height=\"460\" title=\"Karriere\" alt=\"Karriere\">        <\/a>\n    \n        <\/div>\n    <!-- \/image-wrap -->\n    \n        <\/div>\n<!-- \/module image -->        <\/div>\n                        <\/div>\n        <\/div>\n                        <div  data-lazy=\"1\" class=\"module_row themify_builder_row tb_vlov923 tf_w\">\n                        <div class=\"row_inner col_align_top tb_col_count_2 tf_box tf_rel\">\n                        <div  data-lazy=\"1\" class=\"module_column tb-column col4-2 tb_58ew923 first\">\n                    <!-- module text -->\n<div  class=\"module module-text tb_23e7923   \" data-lazy=\"1\">\n        <div  class=\"tb_text_wrap\">\n        <div class=\"gb-container gb-container-2b08408c alignfull\">\n<div class=\"gb-container gb-container-690db439\">\n<div class=\"gb-container gb-container-2b37522a\">\n<div class=\"gb-container gb-container-7f8fd74b\">\n<div class=\"gb-container gb-container-6357d5f0\">\n<h2 class=\"gb-container gb-container-04a23e41 alignfull\">Deine Energie! Deine Wahl!<\/h2>\n<\/div>\n<\/div>\n<\/div>\n<\/div>\n<\/div>    <\/div>\n<\/div>\n<!-- \/module text -->        <\/div>\n                    <div  data-lazy=\"1\" class=\"module_column tb-column col4-2 tb_hadf923 last\">\n                    <!-- module text -->\n<div  class=\"module module-text tb_3c79923   \" data-lazy=\"1\">\n        <div  class=\"tb_text_wrap\">\n        <p>Sich f\u00fcr Energie zu entscheiden, bedeutet, sich f\u00fcr einen Lebensstil zu entscheiden. Energie beginnt in uns selbst.<\/p>\n<p>Energie sind Menschen. Menschen, die Zeit miteinander verbringen und an einer Idee arbeiten, Menschen mit gemeinsamen Werten. Die herzliche, inspirierende Atmosph\u00e4re bei SunRoof vermittelt ein Gef\u00fchl individuellen Gl\u00fccks und der Zugeh\u00f6rigkeit zu einer Gruppe. Gemeinsam bauen wir einen der coolsten Orte f\u00fcr Arbeit und Entwicklung.<\/p>    <\/div>\n<\/div>\n<!-- \/module text -->        <\/div>\n                        <\/div>\n        <\/div>\n                        <div  data-lazy=\"1\" class=\"module_row themify_builder_row tb_zx1m557 tf_w hide-mobile\">\n                        <div class=\"row_inner col_align_top tb_col_count_1 tf_box tf_rel\">\n                        <div  data-lazy=\"1\" class=\"module_column tb-column col-full tb_82cc558 first\">\n                    <!-- module image -->\n<div  class=\"module module-image tb_gcu4558 image-top   tf_mw\" data-lazy=\"1\">\n        <div class=\"image-wrap tf_rel tf_mw\">\n            <img loading=\"lazy\" decoding=\"async\" src=\"https:\/\/new.sunroof.se\/de\/wp-content\/uploads\/2024\/06\/desktop-teamspirit_1300x600_v2.jpg\" width=\"1300\" height=\"600\" title=\"Karriere\" alt=\"Karriere\">    \n        <\/div>\n    <!-- \/image-wrap -->\n    \n        <\/div>\n<!-- \/module image -->        <\/div>\n                        <\/div>\n        <\/div>\n                        <div  data-lazy=\"1\" class=\"module_row themify_builder_row tb_ey2x946 tf_w hide-desktop hide-tablet hide-tablet_landscape\">\n                        <div class=\"row_inner col_align_top tb_col_count_1 tf_box tf_rel\">\n                        <div  data-lazy=\"1\" class=\"module_column tb-column col-full tb_hid4946 first\">\n                    <!-- module image -->\n<div  class=\"module module-image tb_phoh946 image-top   auto_fullwidth tf_mw\" data-lazy=\"1\">\n        <div class=\"image-wrap tf_rel tf_mw\">\n            <img loading=\"lazy\" decoding=\"async\" src=\"https:\/\/new.sunroof.se\/de\/wp-content\/uploads\/2024\/06\/mobile-teamspirit_450x460_v2.jpg\" width=\"450\" height=\"460\" title=\"Karriere\" alt=\"Karriere\">    \n        <\/div>\n    <!-- \/image-wrap -->\n    \n        <\/div>\n<!-- \/module image -->        <\/div>\n                        <\/div>\n        <\/div>\n        <\/div>\n<!--\/themify_builder_content-->","protected":false},"excerpt":{"rendered":"<p>Karriere<\/p>\n","protected":false},"author":1,"featured_media":0,"parent":0,"menu_order":0,"comment_status":"closed","ping_status":"closed","template":"","meta":{"_acf_changed":false,"inline_featured_image":false,"footnotes":""},"acf":[],"builder_content":"<h1>Karriere<\/h1>\n<h2>Werden Sie Teil der SunRoof-Welt<\/h2>\n<p>Werden Sie Teil eines internationalen Unternehmens und beschleunigen Sie gemeinsam mit den mutigsten Innovatoren und Experten der technologischen Revolution den weltweiten \u00dcbergang zu nachhaltiger Energie. Seien Sie auf Augenh\u00f6he mit den Besten und Ehrgeizigsten. Wir m\u00f6gen keine Kompromisse \u2013 unsere L\u00f6sungen, unsere Unternehmenskultur und unser Team sind eine Garantie f\u00fcr Qualit\u00e4t. SunRoof sind Menschen voller Leidenschaft und Streben, gr\u00fcne Energie sowie einen Lebensstil zu verbreiten, der nat\u00fcrliche Ressourcen respektiert.<\/p>\n<img src=\"https:\/\/new.sunroof.se\/de\/wp-content\/uploads\/2024\/06\/desktop-career_1300x600_v2.jpg\" width=\"1300\" height=\"600\" title=\"Karriere\" alt=\"Karriere\">\n<a href=\"https:\/\/www.youtube.com\/watch?v=CGgD2aTr11o\" data-zoom-config=\"90%|90%\"> <img src=\"https:\/\/new.sunroof.se\/de\/wp-content\/uploads\/2024\/06\/mobile-career_450x460.jpg\" width=\"450\" height=\"460\" title=\"Karriere\" alt=\"Karriere\"> <\/a>\n<h2>Werden Sie Teil unserer Leidenschaft f\u00fcr Innovationen<\/h2>\n<p>Entdecken Sie die Geschichten unseres Teams und sehen Sie, wie wir Tr\u00e4ume wahr werden lassen. Kommen Sie zu SunRoof und arbeiten Sie mit uns an Projekten, die die Welt ver\u00e4ndern.<\/p>\n<a href=\"https:\/\/www.youtube.com\/watch?v=Yr-MH60c778\"> <img src=\"https:\/\/new.sunroof.se\/de\/wp-content\/uploads\/2024\/06\/wideo-career_1300x600.jpg\" width=\"1300\" height=\"600\" title=\"Karriere\" alt=\"Karriere\"> <\/a>\n<a href=\"https:\/\/www.youtube.com\/watch?v=Yr-MH60c778\"> <img src=\"https:\/\/new.sunroof.se\/de\/wp-content\/uploads\/2024\/06\/wideo_mobile_450x460-2.jpg\" width=\"450\" height=\"460\" title=\"Karriere\" alt=\"Karriere\"> <\/a>\n<h2>Deine Energie! Deine Wahl!<\/h2>\n<p>Sich f\u00fcr Energie zu entscheiden, bedeutet, sich f\u00fcr einen Lebensstil zu entscheiden. Energie beginnt in uns selbst.<\/p> <p>Energie sind Menschen. Menschen, die Zeit miteinander verbringen und an einer Idee arbeiten, Menschen mit gemeinsamen Werten. Die herzliche, inspirierende Atmosph\u00e4re bei SunRoof vermittelt ein Gef\u00fchl individuellen Gl\u00fccks und der Zugeh\u00f6rigkeit zu einer Gruppe. Gemeinsam bauen wir einen der coolsten Orte f\u00fcr Arbeit und Entwicklung.<\/p>\n<img src=\"https:\/\/new.sunroof.se\/de\/wp-content\/uploads\/2024\/06\/desktop-teamspirit_1300x600_v2.jpg\" width=\"1300\" height=\"600\" title=\"Karriere\" alt=\"Karriere\">\n<img src=\"https:\/\/new.sunroof.se\/de\/wp-content\/uploads\/2024\/06\/mobile-teamspirit_450x460_v2.jpg\" width=\"450\" height=\"460\" title=\"Karriere\" alt=\"Karriere\">","_links":{"self":[{"href":"https:\/\/new.sunroof.se\/de\/wp-json\/wp\/v2\/pages\/2196"}],"collection":[{"href":"https:\/\/new.sunroof.se\/de\/wp-json\/wp\/v2\/pages"}],"about":[{"href":"https:\/\/new.sunroof.se\/de\/wp-json\/wp\/v2\/types\/page"}],"author":[{"embeddable":true,"href":"https:\/\/new.sunroof.se\/de\/wp-json\/wp\/v2\/users\/1"}],"replies":[{"embeddable":true,"href":"https:\/\/new.sunroof.se\/de\/wp-json\/wp\/v2\/comments?post=2196"}],"version-history":[{"count":39,"href":"https:\/\/new.sunroof.se\/de\/wp-json\/wp\/v2\/pages\/2196\/revisions"}],"predecessor-version":[{"id":3121,"href":"https:\/\/new.sunroof.se\/de\/wp-json\/wp\/v2\/pages\/2196\/revisions\/3121"}],"wp:attachment":[{"href":"https:\/\/new.sunroof.se\/de\/wp-json\/wp\/v2\/media?parent=2196"}],"curies":[{"name":"wp","href":"https:\/\/api.w.org\/{rel}","templated":true}]}}